{"id":9,"date":"2010-04-23T15:09:00","date_gmt":"2010-04-23T13:09:00","guid":{"rendered":"http:\/\/www.drk-pfeddersheim.de\/wordpress\/?page_id=9"},"modified":"2018-09-23T19:20:08","modified_gmt":"2018-09-23T17:20:08","slug":"bereitschaft","status":"publish","type":"page","link":"https:\/\/www.drk-suedlicher-wonnegau.de\/wordpress\/aktive\/bereitschaft\/","title":{"rendered":"Bereitschaft"},"content":{"rendered":"<p style=\"text-align: left;\"><strong>Bereitschaftsleitung<br \/>\n<\/strong><\/p>\n<p>Christoph Kling [<a href=\"https:\/\/www.drk-suedlicher-wonnegau.de\/wordpress\/kontakt\/\">Kontakt<\/a>]<\/p>\n<p style=\"text-align: left;\">Das Hauptaufgabengebiet liegt in der Betreuung von Veranstaltungen, Weinfesten und Umz\u00fcgen durch <strong>Sanit\u00e4tsdienste<\/strong> und in der Sicherstellung der Einsatzbereitschaft f\u00fcr <strong>Katastrophenf\u00e4lle mit Massenanfall von Verletzten<\/strong> (ManV). Wir stehen in solchen F\u00e4llen den staatlichen Stellen zur Verf\u00fcgung und bilden mit Helfern und Material Einsatzeinheiten. Dar\u00fcberhinaus unterst\u00fctzt die Bereitschaft den Sozialdienst bei Blutspenden und anderen Aktivit\u00e4ten. Daraus ergeben sich folgende Aufgaben unserer DRK-Bereitschaft:<\/p>\n<ul style=\"text-align: left;\">\n<li>St\u00e4ndige Aus- und Weiterbildung<\/li>\n<li>Wartung des Fuhrparks<\/li>\n<li>Pflege unseres Materials f\u00fcr Sanit\u00e4tsdienste und Gro\u00dfschadensereignisse<\/li>\n<li>Vorbereitung von Blutspendenterminen und Betreuung der <a href=\"\/wordpress\/?page_id=11\">Blutspender<\/a><\/li>\n<li>&#8230; und vieles mehr. Besuchen Sie uns!<\/li>\n<\/ul>\n<p>Bei den w\u00f6chentlichen Bereitschaftsabenden besprechen die aktiven Mitglieder anliegende Aufgaben oder bilden sich weiter, denn gerade im Bereich der Erstversorgung sind Neuerungen keine Seltenheit.<\/p>\n<p>Die Bereitschaft trifft sich jeden Dienstag um 19:00 im DRK-Haus in der Gabelsbergerstra\u00dfe 37, 67551 Worms-Pfeddersheim.<\/p>\n<div id='gallery-1' class='gallery galleryid-9 gallery-columns-3 gallery-size-medium'><figure class='gallery-item'>\n\t\t\t<div class='gallery-icon landscape'>\n\t\t\t\t<a href='https:\/\/www.drk-suedlicher-wonnegau.de\/wordpress\/aktive\/bereitschaft\/p6220585\/'><img loading=\"lazy\" decoding=\"async\" width=\"300\" height=\"225\" src=\"https:\/\/www.drk-suedlicher-wonnegau.de\/wp-content\/uploads\/2010\/04\/P6220585-300x225.jpg\" class=\"attachment-medium size-medium\" alt=\"\" srcset=\"https:\/\/www.drk-suedlicher-wonnegau.de\/wp-content\/uploads\/2010\/04\/P6220585-300x225.jpg 300w, https:\/\/www.drk-suedlicher-wonnegau.de\/wp-content\/uploads\/2010\/04\/P6220585-1024x768.jpg 1024w, https:\/\/www.drk-suedlicher-wonnegau.de\/wp-content\/uploads\/2010\/04\/P6220585.jpg 2048w\" sizes=\"(max-width: 300px) 100vw, 300px\" \/><\/a>\n\t\t\t<\/div><\/figure><figure class='gallery-item'>\n\t\t\t<div class='gallery-icon landscape'>\n\t\t\t\t<a href='https:\/\/www.drk-suedlicher-wonnegau.de\/wordpress\/aktive\/bereitschaft\/dscn1712_\/'><img loading=\"lazy\" decoding=\"async\" width=\"300\" height=\"225\" src=\"https:\/\/www.drk-suedlicher-wonnegau.de\/wp-content\/uploads\/2010\/04\/DSCN1712_-300x225.jpg\" class=\"attachment-medium size-medium\" alt=\"\" srcset=\"https:\/\/www.drk-suedlicher-wonnegau.de\/wp-content\/uploads\/2010\/04\/DSCN1712_-300x225.jpg 300w, https:\/\/www.drk-suedlicher-wonnegau.de\/wp-content\/uploads\/2010\/04\/DSCN1712_.jpg 640w\" sizes=\"(max-width: 300px) 100vw, 300px\" \/><\/a>\n\t\t\t<\/div><\/figure><figure class='gallery-item'>\n\t\t\t<div class='gallery-icon landscape'>\n\t\t\t\t<a href='https:\/\/www.drk-suedlicher-wonnegau.de\/wordpress\/aktive\/bereitschaft\/sunp0061_\/'><img loading=\"lazy\" decoding=\"async\" width=\"300\" height=\"225\" src=\"https:\/\/www.drk-suedlicher-wonnegau.de\/wp-content\/uploads\/2010\/04\/SUNP0061_-300x225.jpg\" class=\"attachment-medium size-medium\" alt=\"\" srcset=\"https:\/\/www.drk-suedlicher-wonnegau.de\/wp-content\/uploads\/2010\/04\/SUNP0061_-300x225.jpg 300w, https:\/\/www.drk-suedlicher-wonnegau.de\/wp-content\/uploads\/2010\/04\/SUNP0061_.jpg 640w\" sizes=\"(max-width: 300px) 100vw, 300px\" \/><\/a>\n\t\t\t<\/div><\/figure><figure class='gallery-item'>\n\t\t\t<div class='gallery-icon landscape'>\n\t\t\t\t<a href='https:\/\/www.drk-suedlicher-wonnegau.de\/wordpress\/aktive\/bereitschaft\/hpim0364_\/'><img loading=\"lazy\" decoding=\"async\" width=\"300\" height=\"225\" src=\"https:\/\/www.drk-suedlicher-wonnegau.de\/wp-content\/uploads\/2010\/04\/HPIM0364_-300x225.jpg\" class=\"attachment-medium size-medium\" alt=\"\" srcset=\"https:\/\/www.drk-suedlicher-wonnegau.de\/wp-content\/uploads\/2010\/04\/HPIM0364_-300x225.jpg 300w, https:\/\/www.drk-suedlicher-wonnegau.de\/wp-content\/uploads\/2010\/04\/HPIM0364_.jpg 638w\" sizes=\"(max-width: 300px) 100vw, 300px\" \/><\/a>\n\t\t\t<\/div><\/figure><figure class='gallery-item'>\n\t\t\t<div class='gallery-icon portrait'>\n\t\t\t\t<a href='https:\/\/www.drk-suedlicher-wonnegau.de\/wordpress\/aktive\/bereitschaft\/foto186\/'><img loading=\"lazy\" decoding=\"async\" width=\"225\" height=\"300\" src=\"https:\/\/www.drk-suedlicher-wonnegau.de\/wp-content\/uploads\/2010\/04\/Foto186-225x300.jpg\" class=\"attachment-medium size-medium\" alt=\"\" srcset=\"https:\/\/www.drk-suedlicher-wonnegau.de\/wp-content\/uploads\/2010\/04\/Foto186-225x300.jpg 225w, https:\/\/www.drk-suedlicher-wonnegau.de\/wp-content\/uploads\/2010\/04\/Foto186-768x1024.jpg 768w, https:\/\/www.drk-suedlicher-wonnegau.de\/wp-content\/uploads\/2010\/04\/Foto186.jpg 1920w\" sizes=\"(max-width: 225px) 100vw, 225px\" \/><\/a>\n\t\t\t<\/div><\/figure><figure class='gallery-item'>\n\t\t\t<div class='gallery-icon landscape'>\n\t\t\t\t<a href='https:\/\/www.drk-suedlicher-wonnegau.de\/wordpress\/aktive\/bereitschaft\/025_22\/'><img loading=\"lazy\" decoding=\"async\" width=\"300\" height=\"200\" src=\"https:\/\/www.drk-suedlicher-wonnegau.de\/wp-content\/uploads\/2010\/04\/025_22-300x200.jpg\" class=\"attachment-medium size-medium\" alt=\"\" srcset=\"https:\/\/www.drk-suedlicher-wonnegau.de\/wp-content\/uploads\/2010\/04\/025_22-300x200.jpg 300w, https:\/\/www.drk-suedlicher-wonnegau.de\/wp-content\/uploads\/2010\/04\/025_22-1024x682.jpg 1024w, https:\/\/www.drk-suedlicher-wonnegau.de\/wp-content\/uploads\/2010\/04\/025_22.jpg 1800w\" sizes=\"(max-width: 300px) 100vw, 300px\" \/><\/a>\n\t\t\t<\/div><\/figure>\n\t\t<\/div>\n\n<p style=\"text-align: left; clear: both;\"><strong>Ausbildung<\/strong><\/p>\n<p style=\"text-align: left;\">Als aktiver Helfer erhalten Sie eine umfangreiche Ausbildung:<\/p>\n<ul style=\"text-align: left;\">\n<li>In der Regel beginnt man mit einem <strong>Rotkreuzeinf\u00fchrungsseminar <\/strong>und einer Ausbildung zum <strong>Ersthelfer<\/strong>&#8230;<\/li>\n<li>&#8230; und kann dann bald <strong>Sanit\u00e4tshelfer <\/strong>werden.<\/li>\n<li>Hat man einige Erfahrung gesammelt, besteht die M\u00f6glichkeit eine <strong>Rettungssanit\u00e4ter<\/strong>ausbildung zu absolvieren. Diese erstreckt sich f\u00fcr Ehrenamtliche \u00fcber 10 Wochenenden, vier Wochen Praktikum in der Notaufnahme im Krankenhaus, vier Wochen Praktikum beim Rettungsdienst und einer Woche Abschlusslehrgang mit einer staatlichen Pr\u00fcfung.<\/li>\n<li>Hinzu kommen eine Reihe von Grundausbildungen wie<strong> Betreuung, Einsatz, Sprechfunk<\/strong><strong>, Technik und Sicherheit <\/strong>oder Zusatzausbildungen wie<strong> Notfalldarstellung<\/strong>, <strong>Gruppenf\u00fchrer<\/strong> und andere <strong>Weiterbildungen f\u00fcr Leitungs- und F\u00fchrungskr\u00e4fte<\/strong>.<\/li>\n<\/ul>\n","protected":false},"excerpt":{"rendered":"<p>Bereitschaftsleitung Christoph Kling [Kontakt] Das Hauptaufgabengebiet liegt in der Betreuung von Veranstaltungen, Weinfesten und Umz\u00fcgen durch Sanit\u00e4tsdienste und in der Sicherstellung der Einsatzbereitschaft f\u00fcr Katastrophenf\u00e4lle mit Massenanfall von Verletzten (ManV). Wir stehen in solchen F\u00e4llen den staatlichen Stellen zur Verf\u00fcgung<\/p>\n","protected":false},"author":5,"featured_media":0,"parent":8,"menu_order":1,"comment_status":"closed","ping_status":"open","template":"","meta":{"footnotes":""},"class_list":["post-9","page","type-page","status-publish","hentry"],"_links":{"self":[{"href":"https:\/\/www.drk-suedlicher-wonnegau.de\/wordpress\/wp-json\/wp\/v2\/pages\/9"}],"collection":[{"href":"https:\/\/www.drk-suedlicher-wonnegau.de\/wordpress\/wp-json\/wp\/v2\/pages"}],"about":[{"href":"https:\/\/www.drk-suedlicher-wonnegau.de\/wordpress\/wp-json\/wp\/v2\/types\/page"}],"author":[{"embeddable":true,"href":"https:\/\/www.drk-suedlicher-wonnegau.de\/wordpress\/wp-json\/wp\/v2\/users\/5"}],"replies":[{"embeddable":true,"href":"https:\/\/www.drk-suedlicher-wonnegau.de\/wordpress\/wp-json\/wp\/v2\/comments?post=9"}],"version-history":[{"count":65,"href":"https:\/\/www.drk-suedlicher-wonnegau.de\/wordpress\/wp-json\/wp\/v2\/pages\/9\/revisions"}],"predecessor-version":[{"id":1126,"href":"https:\/\/www.drk-suedlicher-wonnegau.de\/wordpress\/wp-json\/wp\/v2\/pages\/9\/revisions\/1126"}],"up":[{"embeddable":true,"href":"https:\/\/www.drk-suedlicher-wonnegau.de\/wordpress\/wp-json\/wp\/v2\/pages\/8"}],"wp:attachment":[{"href":"https:\/\/www.drk-suedlicher-wonnegau.de\/wordpress\/wp-json\/wp\/v2\/media?parent=9"}],"curies":[{"name":"wp","href":"https:\/\/api.w.org\/{rel}","templated":true}]}}