{"id":847,"date":"2015-08-20T21:20:07","date_gmt":"2015-08-20T19:20:07","guid":{"rendered":"http:\/\/www.drk-suedlicher-wonnegau.de\/wordpress\/?page_id=847"},"modified":"2017-02-22T21:05:44","modified_gmt":"2017-02-22T19:05:44","slug":"grundsaetze","status":"publish","type":"page","link":"https:\/\/www.drk-suedlicher-wonnegau.de\/wordpress\/grundsaetze\/","title":{"rendered":"Grunds\u00e4tze"},"content":{"rendered":"<div class=\"csc-default\">\n<h1>Die Grunds\u00e4tze des Roten Kreuzes und Roten Halbmondes<\/h1>\n<p>Die Grunds\u00e4tze wurden von der XX. Internationalen Rotkreuzkonferenz 1965 in Wien proklamiert.<\/p>\n<\/div>\n<div class=\"csc-default\">\n<div style=\"background: #e60005; color: #ffffff; margin: 0 0.68em 0.6em 0; padding: 0.3em 0.5em 0.2em; font-size: 18px;\">Menschlichkeit<\/div>\n<\/div>\n<div class=\"csc-default\">\n<p>Die internationale Rotkreuz- und Rothalbmondbewegung, entstanden aus dem Willen, den Verwundeten der Schlachtfelder unterschiedslos Hilfe zu leisten, bem\u00fcht sich in ihrer internationalen und nationalen T\u00e4tigkeit, menschliches Leiden \u00fcberall und jederzeit zu verh\u00fcten und zu lindern. Sie ist bestrebt, Leben und Gesundheit zu sch\u00fctzen und der W\u00fcrde des Menschen Achtung zu verschaffen. Sie f\u00f6rdert gegenseitiges Verst\u00e4ndnis, Freundschaft, Zusammenarbeit und einen dauerhaften Frieden unter allen V\u00f6lkern.<\/p>\n<\/div>\n<div class=\"csc-default\">\n<div style=\"background: #e60005; color: #ffffff; margin: 0 0.68em 0.6em 0; padding: 0.3em 0.5em 0.2em; font-size: 18px;\">Unparteilichkeit<\/div>\n<\/div>\n<div class=\"csc-default\">\n<p>Die Rotkreuz- und Rothalbmondbewegung unterscheidet nicht nach Nationalit\u00e4t, Rasse, Religion, sozialer Stellung oder politischer \u00dcberzeugung. Sie ist einzig bem\u00fcht, den Menschen nach dem Ma\u00df ihrer Not zu helfen und dabei den dringendsten F\u00e4llen den Vorrang zu geben.<\/p>\n<\/div>\n<div class=\"csc-default\">\n<div style=\"background: #e60005; color: #ffffff; margin: 0 0.68em 0.6em 0; padding: 0.3em 0.5em 0.2em; font-size: 18px;\">Neutralit\u00e4t<\/div>\n<\/div>\n<div class=\"csc-default\">\n<p>Um sich das Vertrauen aller zu bewahren, enth\u00e4lt sich die Rotkreuz- und Rothalbmondbewegung der Teilnahme an Feindseligkeiten wie auch, zu jeder Zeit, an politischen, rassischen, religi\u00f6sen oder ideologischen Auseinandersetzungen.<\/p>\n<\/div>\n<div class=\"csc-default\">\n<div style=\"background: #e60005; color: #ffffff; margin: 0 0.68em 0.6em 0; padding: 0.3em 0.5em 0.2em; font-size: 18px;\">Unabh\u00e4ngigkeit<\/div>\n<\/div>\n<div class=\"csc-default\">\n<p><span style=\"font-family: Arial;\">Die Rotkreuz- und Rothalbmondbewegung ist unabh\u00e4ngig. Wenn auch die Nationalen Gesellschaften den Beh\u00f6rden bei ihrer humanit\u00e4ren T\u00e4tigkeit als Hilfsgesellschaften zur Seite stehen und den jeweiligen Landesgesetzen unterworfen sind, m\u00fcssen sie dennoch eine Eigenst\u00e4ndigkeit bewahren, die ihnen gestattet, jederzeit nach den Grunds\u00e4tzen der Rotkreuz- und Rothalbmondbewegung zu handeln.<\/span><\/p>\n<\/div>\n<div class=\"csc-default\">\n<div style=\"background: #e60005; color: #ffffff; margin: 0 0.68em 0.6em 0; padding: 0.3em 0.5em 0.2em; font-size: 18px;\">Freiwilligkeit<\/div>\n<\/div>\n<div class=\"csc-default\">\n<p><span style=\"font-family: Arial;\">Die Rotkreuz- und Rothalbmondbewegung verk\u00f6rpert freiwillige und uneigenn\u00fctzige Hilfe ohne jedes Gewinnstreben.<\/span><\/p>\n<\/div>\n<div class=\"csc-default\">\n<div style=\"background: #e60005; color: #ffffff; margin: 0 0.68em 0.6em 0; padding: 0.3em 0.5em 0.2em; font-size: 18px;\">Einheit<\/div>\n<\/div>\n<div class=\"csc-default\">\n<p>In jedem Land kann es nur eine einzige Nationale Rotkreuz- oder Rothalbmondgesellschaft geben. Sie muss allen offen stehen und ihre humanit\u00e4re T\u00e4tigkeit im ganzen Gebiet aus\u00fcben.<\/p>\n<\/div>\n<div class=\"csc-default\">\n<div style=\"background: #e60005; color: #ffffff; margin: 0 0.68em 0.6em 0; padding: 0.3em 0.5em 0.2em; font-size: 18px;\">Universalit\u00e4t<\/div>\n<\/div>\n<div class=\"csc-default\">\n<p><span style=\"font-family: Arial;\">Die Rotkreuz- und Rothalbmondbewegung ist weltumfassend. In ihr haben alle Nationalen Gesellschaften gleiche Rechte und die Pflicht, einander zu helfen.<\/span><\/p>\n<\/div>\n","protected":false},"excerpt":{"rendered":"<p>Die Grunds\u00e4tze des Roten Kreuzes und Roten Halbmondes Die Grunds\u00e4tze wurden von der XX. Internationalen Rotkreuzkonferenz 1965 in Wien proklamiert. Menschlichkeit Die internationale Rotkreuz- und Rothalbmondbewegung, entstanden aus dem Willen, den Verwundeten der Schlachtfelder unterschiedslos Hilfe zu leisten, bem\u00fcht sich<\/p>\n","protected":false},"author":5,"featured_media":0,"parent":0,"menu_order":0,"comment_status":"closed","ping_status":"open","template":"","meta":{"footnotes":""},"class_list":["post-847","page","type-page","status-publish","hentry"],"_links":{"self":[{"href":"https:\/\/www.drk-suedlicher-wonnegau.de\/wordpress\/wp-json\/wp\/v2\/pages\/847"}],"collection":[{"href":"https:\/\/www.drk-suedlicher-wonnegau.de\/wordpress\/wp-json\/wp\/v2\/pages"}],"about":[{"href":"https:\/\/www.drk-suedlicher-wonnegau.de\/wordpress\/wp-json\/wp\/v2\/types\/page"}],"author":[{"embeddable":true,"href":"https:\/\/www.drk-suedlicher-wonnegau.de\/wordpress\/wp-json\/wp\/v2\/users\/5"}],"replies":[{"embeddable":true,"href":"https:\/\/www.drk-suedlicher-wonnegau.de\/wordpress\/wp-json\/wp\/v2\/comments?post=847"}],"version-history":[{"count":13,"href":"https:\/\/www.drk-suedlicher-wonnegau.de\/wordpress\/wp-json\/wp\/v2\/pages\/847\/revisions"}],"predecessor-version":[{"id":862,"href":"https:\/\/www.drk-suedlicher-wonnegau.de\/wordpress\/wp-json\/wp\/v2\/pages\/847\/revisions\/862"}],"wp:attachment":[{"href":"https:\/\/www.drk-suedlicher-wonnegau.de\/wordpress\/wp-json\/wp\/v2\/media?parent=847"}],"curies":[{"name":"wp","href":"https:\/\/api.w.org\/{rel}","templated":true}]}}