{"id":818,"date":"2015-08-18T19:43:40","date_gmt":"2015-08-18T17:43:40","guid":{"rendered":"http:\/\/www.drk-suedlicher-wonnegau.de\/wordpress\/?page_id=818"},"modified":"2017-02-22T21:05:44","modified_gmt":"2017-02-22T19:05:44","slug":"unser-einzugsgebiet","status":"publish","type":"page","link":"https:\/\/www.drk-suedlicher-wonnegau.de\/wordpress\/aktive\/unser-einzugsgebiet\/","title":{"rendered":"Unser Einzugsgebiet"},"content":{"rendered":"<p><em>Zu dem satzungsgem\u00e4\u00dfen Vereinsgebiet geh\u00f6ren Bermersheim, Fl\u00f6rsheim-Dalsheim, Gundheim, Gundersheim, Hohen-S\u00fclzen, Kriegsheim, M\u00f6lsheim, M\u00f6rstadt, Monsheim, Offstein, Wachenheim, Worms-Heppenheim, Worms-Pfeddersheim und Worms-Wiesoppenheim.<\/em><\/p>\n\n<!-- iframe plugin v.5.2 wordpress.org\/plugins\/iframe\/ -->\n<iframe loading=\"lazy\" src=\"http:\/\/www.drk-suedlicher-wonnegau.de\/kreiskarte\/KreiskarteIR-klein.html\" height=\"700\" width=\"100%\" scrolling=\"yes\" class=\"iframe-class\" frameborder=\"0\"><\/iframe>\n\n","protected":false},"excerpt":{"rendered":"<p>Zu dem satzungsgem\u00e4\u00dfen Vereinsgebiet geh\u00f6ren Bermersheim, Fl\u00f6rsheim-Dalsheim, Gundheim, Gundersheim, Hohen-S\u00fclzen, Kriegsheim, M\u00f6lsheim, M\u00f6rstadt, Monsheim, Offstein, Wachenheim, Worms-Heppenheim, Worms-Pfeddersheim und Worms-Wiesoppenheim.<\/p>\n","protected":false},"author":5,"featured_media":0,"parent":8,"menu_order":100,"comment_status":"closed","ping_status":"open","template":"","meta":{"footnotes":""},"class_list":["post-818","page","type-page","status-publish","hentry"],"_links":{"self":[{"href":"https:\/\/www.drk-suedlicher-wonnegau.de\/wordpress\/wp-json\/wp\/v2\/pages\/818"}],"collection":[{"href":"https:\/\/www.drk-suedlicher-wonnegau.de\/wordpress\/wp-json\/wp\/v2\/pages"}],"about":[{"href":"https:\/\/www.drk-suedlicher-wonnegau.de\/wordpress\/wp-json\/wp\/v2\/types\/page"}],"author":[{"embeddable":true,"href":"https:\/\/www.drk-suedlicher-wonnegau.de\/wordpress\/wp-json\/wp\/v2\/users\/5"}],"replies":[{"embeddable":true,"href":"https:\/\/www.drk-suedlicher-wonnegau.de\/wordpress\/wp-json\/wp\/v2\/comments?post=818"}],"version-history":[{"count":5,"href":"https:\/\/www.drk-suedlicher-wonnegau.de\/wordpress\/wp-json\/wp\/v2\/pages\/818\/revisions"}],"predecessor-version":[{"id":842,"href":"https:\/\/www.drk-suedlicher-wonnegau.de\/wordpress\/wp-json\/wp\/v2\/pages\/818\/revisions\/842"}],"up":[{"embeddable":true,"href":"https:\/\/www.drk-suedlicher-wonnegau.de\/wordpress\/wp-json\/wp\/v2\/pages\/8"}],"wp:attachment":[{"href":"https:\/\/www.drk-suedlicher-wonnegau.de\/wordpress\/wp-json\/wp\/v2\/media?parent=818"}],"curies":[{"name":"wp","href":"https:\/\/api.w.org\/{rel}","templated":true}]}}