{"id":8,"date":"2006-08-24T15:08:42","date_gmt":"2006-08-24T13:08:42","guid":{"rendered":"http:\/\/www.drk-pfeddersheim.de\/wordpress\/?page_id=8"},"modified":"2025-08-27T16:47:33","modified_gmt":"2025-08-27T14:47:33","slug":"aktive","status":"publish","type":"page","link":"https:\/\/www.drk-suedlicher-wonnegau.de\/wordpress\/","title":{"rendered":"Aktivit\u00e4ten"},"content":{"rendered":"<p>Die aktiven Mitglieder sind in folgenden Gruppen organisiert:<\/p>\n<ul>\n<li><a href=\"?page_id=9\">Bereitschaft<\/a><\/li>\n<li><a href=\"?page_id=10\">Wohlfahrts- und Sozialarbeit (WuS)<\/a><\/li>\n<li><a href=\"?page_id=14\">Jugendrotkreuz (JRK)<\/a><\/li>\n<\/ul>\n<p>Wir sind haupts\u00e4chlich in unserem <a href=\"?page_id=818\">satzungsgem\u00e4\u00dfen Einzugsgebiet<\/a> t\u00e4tig. Sie wollen uns ehrenamtlich unterst\u00fctzten? <a href=\"?page_id=150\">Klicken Sie hier.<\/a><\/p>\n<figure id=\"attachment_1048\" aria-describedby=\"caption-attachment-1048\" style=\"width: 750px\" class=\"wp-caption alignnone\"><a href=\"http:\/\/www.drk-suedlicher-wonnegau.de\/wp-content\/uploads\/2006\/08\/2017-04-11-15.36.34-5-Komik3.jpg\" target=\"_blank\" rel=\"noopener\"><img loading=\"lazy\" decoding=\"async\" class=\"wp-image-1048 size-large\" src=\"http:\/\/www.drk-suedlicher-wonnegau.de\/wp-content\/uploads\/2006\/08\/2017-04-11-15.36.34-5-Komik3-1024x576.jpg\" alt=\"\" width=\"750\" height=\"422\" srcset=\"https:\/\/www.drk-suedlicher-wonnegau.de\/wp-content\/uploads\/2006\/08\/2017-04-11-15.36.34-5-Komik3-1024x576.jpg 1024w, https:\/\/www.drk-suedlicher-wonnegau.de\/wp-content\/uploads\/2006\/08\/2017-04-11-15.36.34-5-Komik3-300x169.jpg 300w, https:\/\/www.drk-suedlicher-wonnegau.de\/wp-content\/uploads\/2006\/08\/2017-04-11-15.36.34-5-Komik3-768x432.jpg 768w\" sizes=\"(max-width: 750px) 100vw, 750px\" \/><\/a><figcaption id=\"caption-attachment-1048\" class=\"wp-caption-text\">DRK-Haus in der Gabelsbergerstr. 37 in Worms-Pfeddersheim<\/figcaption><\/figure>\n","protected":false},"excerpt":{"rendered":"<p>Die aktiven Mitglieder sind in folgenden Gruppen organisiert: Bereitschaft Wohlfahrts- und Sozialarbeit (WuS) Jugendrotkreuz (JRK) Wir sind haupts\u00e4chlich in unserem satzungsgem\u00e4\u00dfen Einzugsgebiet t\u00e4tig. Sie wollen uns ehrenamtlich unterst\u00fctzten? Klicken Sie hier.<\/p>\n","protected":false},"author":5,"featured_media":0,"parent":0,"menu_order":10,"comment_status":"closed","ping_status":"open","template":"","meta":{"footnotes":""},"class_list":["post-8","page","type-page","status-publish","hentry"],"_links":{"self":[{"href":"https:\/\/www.drk-suedlicher-wonnegau.de\/wordpress\/wp-json\/wp\/v2\/pages\/8"}],"collection":[{"href":"https:\/\/www.drk-suedlicher-wonnegau.de\/wordpress\/wp-json\/wp\/v2\/pages"}],"about":[{"href":"https:\/\/www.drk-suedlicher-wonnegau.de\/wordpress\/wp-json\/wp\/v2\/types\/page"}],"author":[{"embeddable":true,"href":"https:\/\/www.drk-suedlicher-wonnegau.de\/wordpress\/wp-json\/wp\/v2\/users\/5"}],"replies":[{"embeddable":true,"href":"https:\/\/www.drk-suedlicher-wonnegau.de\/wordpress\/wp-json\/wp\/v2\/comments?post=8"}],"version-history":[{"count":12,"href":"https:\/\/www.drk-suedlicher-wonnegau.de\/wordpress\/wp-json\/wp\/v2\/pages\/8\/revisions"}],"predecessor-version":[{"id":1410,"href":"https:\/\/www.drk-suedlicher-wonnegau.de\/wordpress\/wp-json\/wp\/v2\/pages\/8\/revisions\/1410"}],"wp:attachment":[{"href":"https:\/\/www.drk-suedlicher-wonnegau.de\/wordpress\/wp-json\/wp\/v2\/media?parent=8"}],"curies":[{"name":"wp","href":"https:\/\/api.w.org\/{rel}","templated":true}]}}