{"id":47,"date":"2008-12-19T00:40:37","date_gmt":"2008-12-18T22:40:37","guid":{"rendered":"http:\/\/www.drk-pfeddersheim.de\/wordpress\/?page_id=47"},"modified":"2023-10-25T12:05:04","modified_gmt":"2023-10-25T10:05:04","slug":"kontakt","status":"publish","type":"page","link":"https:\/\/www.drk-suedlicher-wonnegau.de\/wordpress\/kontakt\/","title":{"rendered":"Kontakt"},"content":{"rendered":"\n<p><span style=\"text-decoration: underline;\"><strong>Vereinsheim und Postanschrift<\/strong><\/span>:<\/p>\n\n\n\n<a href=\"https:\/\/www.drk-suedlicher-wonnegau.de\/wordpress\/locations\/drk-vereinsheim\/\">DRK Ortsverein S\u00fcdlicher Wonnegau e. V.<br>Gabelsbergerstra\u00dfe 37<br>67551 Worms-Pfeddersheim<\/a>\n\n\n\n<p><\/p>\n\n\n\n<figure class=\"wp-block-image is-resized\"><a href=\"http:\/\/www.drk-suedlicher-wonnegau.de\/wp-content\/uploads\/2006\/08\/2017-04-11-15.36.34-5-Komik3.jpg\" target=\"_blank\" rel=\"noopener noreferrer\"><img decoding=\"async\" src=\"http:\/\/www.drk-suedlicher-wonnegau.de\/wp-content\/uploads\/2006\/08\/2017-04-11-15.36.34-5-Komik3-1024x576.jpg\" alt=\"\" class=\"wp-image-1048\" width=\"450\" srcset=\"https:\/\/www.drk-suedlicher-wonnegau.de\/wp-content\/uploads\/2006\/08\/2017-04-11-15.36.34-5-Komik3-1024x576.jpg 1024w, https:\/\/www.drk-suedlicher-wonnegau.de\/wp-content\/uploads\/2006\/08\/2017-04-11-15.36.34-5-Komik3-300x169.jpg 300w, https:\/\/www.drk-suedlicher-wonnegau.de\/wp-content\/uploads\/2006\/08\/2017-04-11-15.36.34-5-Komik3-768x432.jpg 768w\" sizes=\"(max-width: 1024px) 100vw, 1024px\" \/><\/a><\/figure>\n\n\n\n<p>Sie k\u00f6nnen uns hier jeden Dienstag von 19:00 &#8211; 20:30 <strong>pers\u00f6nlich<\/strong> antreffen. Bitte beachten Sie die abweichende Adresse des Kleidertreffs.<\/p>\n\n\n\n<p><strong><span style=\"text-decoration: underline;\">Kleidertreff<\/span>:<\/strong><\/p>\n\n\n\n<a href=\"https:\/\/www.drk-suedlicher-wonnegau.de\/wordpress\/locations\/pfeddersheim-drk-kleidertreff\/\">DRK Kleidertreff S\u00fcdlicher Wonnegau<br>Paternusstr. 26a<br>67551 Worms-Pfeddersheim<\/a>\n\n\n\n<p><\/p>\n\n\n\n<figure class=\"wp-block-image size-large is-resized\"><a href=\"http:\/\/www.drk-suedlicher-wonnegau.de\/wp-content\/uploads\/2006\/08\/2017-04-11-15.36.34-5-Komik3.jpg\" target=\"_blank\" rel=\"noopener noreferrer\"><img decoding=\"async\" src=\"http:\/\/www.drk-suedlicher-wonnegau.de\/wp-content\/uploads\/2020\/09\/Paternusstra\u00dfe-26a.jpg\" alt=\"\" class=\"wp-image-1337\" width=\"450\" srcset=\"https:\/\/www.drk-suedlicher-wonnegau.de\/wp-content\/uploads\/2020\/09\/Paternusstra\u00dfe-26a.jpg 610w, https:\/\/www.drk-suedlicher-wonnegau.de\/wp-content\/uploads\/2020\/09\/Paternusstra\u00dfe-26a-300x155.jpg 300w\" sizes=\"(max-width: 610px) 100vw, 610px\" \/><\/a><\/figure>\n\n\n\n<p>\u00d6ffnungszeiten des Kleidertreffs:<br \/>Montag und Mittwoch, jeweils 16 bis 19 Uhr<\/p>\n\n\n\n<p><span style=\"text-decoration: underline;\"><strong>Telefon \/ Fax:<\/strong><\/span><\/p>\n\n\n\n<p>Allgemein: 06247 \/ 1808<br>Kleidertreff: 06247 \/ <span class=\"oi732d6d ik7dh3pa d2edcug0 hpfvmrgz qv66sw1b c1et5uql a8c37x1j muag1w35 ew0dbk1b jq4qci2q a3bd9o3v knj5qynh oo9gr5id hzawbc8m\" dir=\"auto\"><span class=\"oi732d6d ik7dh3pa d2edcug0 hpfvmrgz qv66sw1b c1et5uql jq4qci2q a3bd9o3v knj5qynh oo9gr5id\">9044585<\/span><\/span><br>Mitgliederbetreuung (Kreisverband): 06241 \/ 4007-0<br>Fax: 06247 \/ 9044589<\/p>\n\n\n\n<p><span style=\"text-decoration: underline;\"><strong>E-Mail:<\/strong><\/span><\/p>\n\n\n\n<figure class=\"wp-block-image\"><a href=\"http:\/\/www.drk-suedlicher-wonnegau.de\/wp-content\/uploads\/2008\/12\/asdf.png\"><img loading=\"lazy\" decoding=\"async\" width=\"248\" height=\"31\" src=\"http:\/\/www.drk-suedlicher-wonnegau.de\/wp-content\/uploads\/2008\/12\/asdf.png\" alt=\"asdf\" class=\"wp-image-694\"\/><\/a><\/figure>\n\n\n\n<p><span style=\"text-decoration: underline;\"><strong>Kontaktformular:<\/strong><\/span><\/p>\n\n\n\n<p>Sie k\u00f6nnen f\u00fcr E-Mails auch das folgende Formular verwenden. Wir antworten umgehend:<\/p>\n\n\n\n<div class=\"wpcf7 no-js\" id=\"wpcf7-f1196-o1\" lang=\"de-DE\" dir=\"ltr\">\n<div class=\"screen-reader-response\"><p role=\"status\" aria-live=\"polite\" aria-atomic=\"true\"><\/p> <ul><\/ul><\/div>\n<form action=\"\/wordpress\/wp-json\/wp\/v2\/pages\/47#wpcf7-f1196-o1\" method=\"post\" class=\"wpcf7-form init\" aria-label=\"Kontaktformular\" novalidate=\"novalidate\" data-status=\"init\">\n<div style=\"display: none;\">\n<input type=\"hidden\" name=\"_wpcf7\" value=\"1196\" \/>\n<input type=\"hidden\" name=\"_wpcf7_version\" value=\"5.7.7\" \/>\n<input type=\"hidden\" name=\"_wpcf7_locale\" value=\"de_DE\" \/>\n<input type=\"hidden\" name=\"_wpcf7_unit_tag\" value=\"wpcf7-f1196-o1\" \/>\n<input type=\"hidden\" name=\"_wpcf7_container_post\" value=\"0\" \/>\n<input type=\"hidden\" name=\"_wpcf7_posted_data_hash\" value=\"\" \/>\n<input type=\"hidden\" name=\"_wpcf7_recaptcha_response\" value=\"\" \/>\n<\/div>\n<p>Ihr Name\n<\/p>\n<p><span class=\"wpcf7-form-control-wrap\" data-name=\"your-name\"><input size=\"40\" class=\"wpcf7-form-control wpcf7-text wpcf7-validates-as-required\" aria-required=\"true\" aria-invalid=\"false\" value=\"\" type=\"text\" name=\"your-name\" \/><\/span>\n<\/p>\n<p>Ihre E-Mail-Adresse\n<\/p>\n<p><span class=\"wpcf7-form-control-wrap\" data-name=\"your-email\"><input size=\"40\" class=\"wpcf7-form-control wpcf7-text wpcf7-email wpcf7-validates-as-required wpcf7-validates-as-email\" aria-required=\"true\" aria-invalid=\"false\" value=\"\" type=\"email\" name=\"your-email\" \/><\/span>\n<\/p>\n<p>Betreff\n<\/p>\n<p><span class=\"wpcf7-form-control-wrap\" data-name=\"your-subject\"><input size=\"40\" class=\"wpcf7-form-control wpcf7-text wpcf7-validates-as-required\" aria-required=\"true\" aria-invalid=\"false\" value=\"\" type=\"text\" name=\"your-subject\" \/><\/span>\n<\/p>\n<p>Ihre Nachricht\n<\/p>\n<p><span class=\"wpcf7-form-control-wrap\" data-name=\"your-message\"><textarea cols=\"40\" rows=\"10\" class=\"wpcf7-form-control wpcf7-textarea wpcf7-validates-as-required\" aria-required=\"true\" aria-invalid=\"false\" name=\"your-message\"><\/textarea><\/span>\n<\/p>\n\n<p><input class=\"wpcf7-form-control has-spinner wpcf7-submit\" type=\"submit\" value=\"Senden\" \/>\n<\/p><p style=\"display: none !important;\" class=\"akismet-fields-container\" data-prefix=\"_wpcf7_ak_\"><label>&#916;<textarea name=\"_wpcf7_ak_hp_textarea\" cols=\"45\" rows=\"8\" maxlength=\"100\"><\/textarea><\/label><input type=\"hidden\" id=\"ak_js_1\" name=\"_wpcf7_ak_js\" value=\"25\"\/><script>document.getElementById( \"ak_js_1\" ).setAttribute( \"value\", ( new Date() ).getTime() );<\/script><\/p><div class=\"wpcf7-response-output\" aria-hidden=\"true\"><\/div>\n<\/form>\n<\/div>\n\n","protected":false},"excerpt":{"rendered":"<p>Vereinsheim und Postanschrift: Sie k\u00f6nnen uns hier jeden Dienstag von 19:00 &#8211; 20:30 pers\u00f6nlich antreffen. Bitte beachten Sie die abweichende Adresse des Kleidertreffs. Kleidertreff: \u00d6ffnungszeiten des Kleidertreffs:Montag und Mittwoch, jeweils 16 bis 19 Uhr Telefon \/ Fax: Allgemein: 06247 \/<\/p>\n","protected":false},"author":5,"featured_media":0,"parent":0,"menu_order":99,"comment_status":"closed","ping_status":"open","template":"","meta":{"footnotes":""},"class_list":["post-47","page","type-page","status-publish","hentry"],"_links":{"self":[{"href":"https:\/\/www.drk-suedlicher-wonnegau.de\/wordpress\/wp-json\/wp\/v2\/pages\/47"}],"collection":[{"href":"https:\/\/www.drk-suedlicher-wonnegau.de\/wordpress\/wp-json\/wp\/v2\/pages"}],"about":[{"href":"https:\/\/www.drk-suedlicher-wonnegau.de\/wordpress\/wp-json\/wp\/v2\/types\/page"}],"author":[{"embeddable":true,"href":"https:\/\/www.drk-suedlicher-wonnegau.de\/wordpress\/wp-json\/wp\/v2\/users\/5"}],"replies":[{"embeddable":true,"href":"https:\/\/www.drk-suedlicher-wonnegau.de\/wordpress\/wp-json\/wp\/v2\/comments?post=47"}],"version-history":[{"count":69,"href":"https:\/\/www.drk-suedlicher-wonnegau.de\/wordpress\/wp-json\/wp\/v2\/pages\/47\/revisions"}],"predecessor-version":[{"id":1391,"href":"https:\/\/www.drk-suedlicher-wonnegau.de\/wordpress\/wp-json\/wp\/v2\/pages\/47\/revisions\/1391"}],"wp:attachment":[{"href":"https:\/\/www.drk-suedlicher-wonnegau.de\/wordpress\/wp-json\/wp\/v2\/media?parent=47"}],"curies":[{"name":"wp","href":"https:\/\/api.w.org\/{rel}","templated":true}]}}