{"id":36,"date":"2008-04-16T18:03:09","date_gmt":"2008-04-16T16:03:09","guid":{"rendered":"http:\/\/www.drk-pfeddersheim.de\/wordpress\/?page_id=36"},"modified":"2017-02-22T21:05:44","modified_gmt":"2017-02-22T19:05:44","slug":"neuspenderscout","status":"publish","type":"page","link":"https:\/\/www.drk-suedlicher-wonnegau.de\/wordpress\/blutspende\/neuspenderscout\/","title":{"rendered":"&#8222;Neuspenderscouts&#8220;"},"content":{"rendered":"<p>Liebe Neuspender,<\/p>\n<p>in Zusammenarbeit mit dem Blutspendedienst West, haben einige von unseren aktiven, ehrenamtlichen Helfern eine Schulung besucht, um\u00a0 Neuspender optimal betreuen zu k\u00f6nnen.<\/p>\n<p>Geht es Ihnen vielleicht auch so wie einigen Neuspendern, haben Sie Angst vor dem ersten Mal, sind sie sich nicht sicher, ob sie Spenden m\u00f6chten, oder haben sie vielleicht ein &#8222;mulmiges&#8220; Gef\u00fchl?<\/p>\n<p>Dann schauen sie doch bei der n\u00e4chsten Blutspende einfach einmal in der Paternus Schule vorbei!<br \/>\n Wir informieren Sie gerne ausf\u00fchrlich \u00fcber eine Blutspende.<\/p>\n<p>Jede Blutspende k\u00f6nnen Sie als pers\u00f6nlichen &#8222;kleinen Gesundheitscheck&#8220; sehen. Zu der eigentlichen Blutspende werden Ihnen 3-4 kleine R\u00f6hrchen entnommen, diese werden auf verschiedene Krankheiten, die sich versteckt im K\u00f6rper halten k\u00f6nnen, getestet.<br \/>\n Selbstverst\u00e4ndlich werden Sie vor Ihrer Spende generell von unseren \u00c4rtzen untersucht, ihr Blutdruck und der Eisenwert im Blut wird \u00fcberpr\u00fcft.<\/p>\n<p>Hier noch einige Fakten:<br \/>\n Bitte bedenken Sie,<br \/>\n BLUT ist durch KEINEN anderen, k\u00fcnstlich hergestellten Stoff ersetzbar.<br \/>\n &#8222;Praktizieren&#8220; Sie N\u00e4chstenliebe!<\/p>\n<p>80 % der Menschen ben\u00f6tigen in Ihrem Leben mindestens 1x Blut, aber NUR 5 % der Menschen gehen zur Blutspende!<\/p>\n<p>&#8222;Zu guter letzt&#8220;<br \/>\n Bitte bringen Sie Ihren Personalausweis oder F\u00fchrerschein mit zur Blutspende.<\/p>\n<p>Wir freuen uns auf Sie.<\/p>\n<p>Ihr Ortverein<\/p>\n","protected":false},"excerpt":{"rendered":"<p>Liebe Neuspender, in Zusammenarbeit mit dem Blutspendedienst West, haben einige von unseren aktiven, ehrenamtlichen Helfern eine Schulung besucht, um\u00a0 Neuspender optimal betreuen zu k\u00f6nnen. Geht es Ihnen vielleicht auch so wie einigen Neuspendern, haben Sie Angst vor dem ersten Mal,<\/p>\n","protected":false},"author":11,"featured_media":0,"parent":11,"menu_order":0,"comment_status":"closed","ping_status":"open","template":"","meta":{"footnotes":""},"class_list":["post-36","page","type-page","status-publish","hentry"],"_links":{"self":[{"href":"https:\/\/www.drk-suedlicher-wonnegau.de\/wordpress\/wp-json\/wp\/v2\/pages\/36"}],"collection":[{"href":"https:\/\/www.drk-suedlicher-wonnegau.de\/wordpress\/wp-json\/wp\/v2\/pages"}],"about":[{"href":"https:\/\/www.drk-suedlicher-wonnegau.de\/wordpress\/wp-json\/wp\/v2\/types\/page"}],"author":[{"embeddable":true,"href":"https:\/\/www.drk-suedlicher-wonnegau.de\/wordpress\/wp-json\/wp\/v2\/users\/11"}],"replies":[{"embeddable":true,"href":"https:\/\/www.drk-suedlicher-wonnegau.de\/wordpress\/wp-json\/wp\/v2\/comments?post=36"}],"version-history":[{"count":1,"href":"https:\/\/www.drk-suedlicher-wonnegau.de\/wordpress\/wp-json\/wp\/v2\/pages\/36\/revisions"}],"predecessor-version":[{"id":940,"href":"https:\/\/www.drk-suedlicher-wonnegau.de\/wordpress\/wp-json\/wp\/v2\/pages\/36\/revisions\/940"}],"up":[{"embeddable":true,"href":"https:\/\/www.drk-suedlicher-wonnegau.de\/wordpress\/wp-json\/wp\/v2\/pages\/11"}],"wp:attachment":[{"href":"https:\/\/www.drk-suedlicher-wonnegau.de\/wordpress\/wp-json\/wp\/v2\/media?parent=36"}],"curies":[{"name":"wp","href":"https:\/\/api.w.org\/{rel}","templated":true}]}}