{"id":204,"date":"2010-05-05T16:29:01","date_gmt":"2010-05-05T14:29:01","guid":{"rendered":"http:\/\/www.drk-pfeddersheim.de\/wordpress\/?page_id=204"},"modified":"2020-11-14T17:33:44","modified_gmt":"2020-11-14T15:33:44","slug":"fordermitglied-werden","status":"publish","type":"page","link":"https:\/\/www.drk-suedlicher-wonnegau.de\/wordpress\/fordermitglied-werden\/","title":{"rendered":"F\u00f6rdermitglied werden"},"content":{"rendered":"<p>Ihnen gef\u00e4llt unsere Arbeit? Der DRK Ortsverein S\u00fcdlicher Wonnegau e.V. ist mit ca. 900 Mitgliedern einer der gr\u00f6\u00dften Vereine im Wonnegau. Aus den verschiedensten Gr\u00fcnden kann sich nicht jeder ehrenamtlich engagieren. Unterst\u00fctzen Sie uns dennoch &#8211; werden Sie Teil des Roten Kreuzes.<\/p>\n<p><strong>Warum Mitgliedschaft?<\/strong><\/p>\n<p>F\u00fcr unsere gesamte T\u00e4tigkeit sind wir vollst\u00e4ndig auf finanzielle Unterst\u00fctzung der Bev\u00f6lkerung angewiesen. Auch wenn wir uns sehr \u00fcber einmalige Spenden freuen, k\u00f6nnen wir langfristig nur planen mit dauerhaftem R\u00fcckhalt durch unsere Mitglieder. Helfen auch Sie uns durch eine F\u00f6rdermitgliedschaft.<\/p>\n<p><strong>Was passiert mit Ihrem Beitrag?<\/strong><\/p>\n<ul>\n<li>Unsere ehrenamtlichen Helfer engagieren sich mit viel Freizeit. Daf\u00fcr bekommen sie kein Geld, auch nicht in Form von Aufwandsentsch\u00e4digung.<\/li>\n<li>Entscheiden Sie in der j\u00e4hrlichen Mitgliederversammlung \u00fcber die Verwendung der Mittel.<\/li>\n<li>Der gr\u00f6\u00dfte Teil bleibt f\u00fcr unsere Arbeit <strong>vor Ort<\/strong> im S\u00fcdlichen Wonnegau und Umgebung.<\/li>\n<li>Ein geringer Teil geht an den <a href=\"http:\/\/www.lv-rlp.drk.de\/\" target=\"_blank\" rel=\"noopener noreferrer\">Landesverband Rheinland-Pfalz<\/a> und den <a href=\"http:\/\/www.drk.de\/\" target=\"_blank\" rel=\"noopener noreferrer\">Bundesverband des Deutschen Roten Kreuzes<\/a>.<\/li>\n<\/ul>\n<p><strong>Kann ich den Mitgliedsbeitrag steuerlich absetzen?<\/strong><\/p>\n<p>Ihr Mitgliedsbeitrag ist steuerlich absetzbar. Beitr\u00e4ge bis 200 Euro erkennt das Finanzamt durch eine Kopie des Bankbelegs an. Bei Beitr\u00e4gen \u00fcber 200 Euro schicken wir Ihnen automatisch Anfang n\u00e4chsten Jahres eine Best\u00e4tigung \u00fcber Ihre Zuwendung zu.<\/p>\n<p><strong>Wie hoch ist der Mindestbeitrag?<\/strong><\/p>\n<p>Bei F\u00f6rdermitgliedern gilt ein Mindestbetrag von 2 Euro pro Monat. Auch kleine Betr\u00e4ge helfen uns.<\/p>\n<p><strong>Wo sind wir als Ortsverein aktiv?<\/strong><\/p>\n<p>Unser Wirkungskreis erstreckt sich auch auf die umliegenden Gemeinden (<a title=\"Einzugsgebiet\" href=\"http:\/\/www.drk-suedlicher-wonnegau.de\/kreiskarte\/KreiskarteIR-klein.html\" target=\"_blank\" rel=\"noopener noreferrer\">Karte<\/a>):<\/p>\n<ul>\n<li>Bermersheim<\/li>\n<li>Fl\u00f6rsheim-Dalsheim<\/li>\n<li>Gundheim<\/li>\n<li>Gundersheim<\/li>\n<li>Hohens\u00fclzen<\/li>\n<li>M\u00f6lsheim<\/li>\n<li>M\u00f6rstadt<\/li>\n<li>Monsheim<\/li>\n<li>Offstein<\/li>\n<li>Worms-Heppenheim<\/li>\n<li>Worms-Pfeddersheim<\/li>\n<li>Worms-Wiesoppenheim<\/li>\n<li>Wachenheim<\/li>\n<\/ul>\n<p>Obwohl es sich um eine regelm\u00e4\u00dfige <strong>Spende <\/strong>handelt, bieten wir unseren Mitgliedern einige <strong>Vorteile<\/strong>:<\/p>\n<ul>\n<li>Flugrettung aus dem Ausland bei Unfall und Krankheit<\/li>\n<li>DRK Schl\u00fcsselschutz-Plakette<\/li>\n<\/ul>\n<p><strong>Wie kann ich Mitglied werden?<\/strong><\/p>\n<p><a href=\"https:\/\/www.drk-suedlicher-wonnegau.de\/wordpress\/fordermitglied-werden\/mitgliedsantrag\/\" target=\"_blank\" rel=\"noopener noreferrer\"><strong>Mitgliedsantrag online<\/strong><\/a><\/p>\n<p>&#8211; oder &#8211;<\/p>\n<p><strong><a href=\"http:\/\/www.drk-suedlicher-wonnegau.de\/wp-content\/uploads\/2010\/05\/Beitittserkl\u00e4hrung-OV-S\u00fcWo-F\u00f6rdermitgliedschaft.pdf\" target=\"_blank\" rel=\"noopener noreferrer\">Mitgliedsantrag herunterladen (PDF)<\/a><\/strong><\/p>\n","protected":false},"excerpt":{"rendered":"<p>Ihnen gef\u00e4llt unsere Arbeit? Der DRK Ortsverein S\u00fcdlicher Wonnegau e.V. ist mit ca. 900 Mitgliedern einer der gr\u00f6\u00dften Vereine im Wonnegau. Aus den verschiedensten Gr\u00fcnden kann sich nicht jeder ehrenamtlich engagieren. Unterst\u00fctzen Sie uns dennoch &#8211; werden Sie Teil des<\/p>\n","protected":false},"author":5,"featured_media":0,"parent":0,"menu_order":60,"comment_status":"closed","ping_status":"open","template":"","meta":{"footnotes":""},"class_list":["post-204","page","type-page","status-publish","hentry"],"_links":{"self":[{"href":"https:\/\/www.drk-suedlicher-wonnegau.de\/wordpress\/wp-json\/wp\/v2\/pages\/204"}],"collection":[{"href":"https:\/\/www.drk-suedlicher-wonnegau.de\/wordpress\/wp-json\/wp\/v2\/pages"}],"about":[{"href":"https:\/\/www.drk-suedlicher-wonnegau.de\/wordpress\/wp-json\/wp\/v2\/types\/page"}],"author":[{"embeddable":true,"href":"https:\/\/www.drk-suedlicher-wonnegau.de\/wordpress\/wp-json\/wp\/v2\/users\/5"}],"replies":[{"embeddable":true,"href":"https:\/\/www.drk-suedlicher-wonnegau.de\/wordpress\/wp-json\/wp\/v2\/comments?post=204"}],"version-history":[{"count":39,"href":"https:\/\/www.drk-suedlicher-wonnegau.de\/wordpress\/wp-json\/wp\/v2\/pages\/204\/revisions"}],"predecessor-version":[{"id":1359,"href":"https:\/\/www.drk-suedlicher-wonnegau.de\/wordpress\/wp-json\/wp\/v2\/pages\/204\/revisions\/1359"}],"wp:attachment":[{"href":"https:\/\/www.drk-suedlicher-wonnegau.de\/wordpress\/wp-json\/wp\/v2\/media?parent=204"}],"curies":[{"name":"wp","href":"https:\/\/api.w.org\/{rel}","templated":true}]}}