{"id":2,"date":"2006-08-23T23:10:41","date_gmt":"2006-08-23T21:10:41","guid":{"rendered":""},"modified":"2020-08-29T21:41:01","modified_gmt":"2020-08-29T19:41:01","slug":"impressum","status":"publish","type":"page","link":"https:\/\/www.drk-suedlicher-wonnegau.de\/wordpress\/kontakt\/impressum\/","title":{"rendered":"Impressum"},"content":{"rendered":"<p>Verantwortlich f\u00fcr den Inhalt dieser Seite:<\/p>\n<p>DRK Ortsverein S\u00fcdlicher Wonnegau e. V.<br \/>\nVorsitzender Karl-Heinz Menne<br \/>\nGabelsbergerstra\u00dfe 37<br \/>\n67551 Worms-Pfeddersheim<\/p>\n<p>Amtsgericht Mainz<br \/>\nVereinsregister-Nr.: VR 10945<\/p>\n<p><em>Konzept und Design der Internetseite: Christoph Kling<\/em><\/p>\n","protected":false},"excerpt":{"rendered":"<p>Verantwortlich f\u00fcr den Inhalt dieser Seite: DRK Ortsverein S\u00fcdlicher Wonnegau e. V. Vorsitzender Karl-Heinz Menne Gabelsbergerstra\u00dfe 37 67551 Worms-Pfeddersheim Amtsgericht Mainz Vereinsregister-Nr.: VR 10945 Konzept und Design der Internetseite: Christoph Kling<\/p>\n","protected":false},"author":5,"featured_media":0,"parent":47,"menu_order":100,"comment_status":"closed","ping_status":"open","template":"","meta":{"footnotes":""},"class_list":["post-2","page","type-page","status-publish","hentry"],"_links":{"self":[{"href":"https:\/\/www.drk-suedlicher-wonnegau.de\/wordpress\/wp-json\/wp\/v2\/pages\/2"}],"collection":[{"href":"https:\/\/www.drk-suedlicher-wonnegau.de\/wordpress\/wp-json\/wp\/v2\/pages"}],"about":[{"href":"https:\/\/www.drk-suedlicher-wonnegau.de\/wordpress\/wp-json\/wp\/v2\/types\/page"}],"author":[{"embeddable":true,"href":"https:\/\/www.drk-suedlicher-wonnegau.de\/wordpress\/wp-json\/wp\/v2\/users\/5"}],"replies":[{"embeddable":true,"href":"https:\/\/www.drk-suedlicher-wonnegau.de\/wordpress\/wp-json\/wp\/v2\/comments?post=2"}],"version-history":[{"count":10,"href":"https:\/\/www.drk-suedlicher-wonnegau.de\/wordpress\/wp-json\/wp\/v2\/pages\/2\/revisions"}],"predecessor-version":[{"id":1300,"href":"https:\/\/www.drk-suedlicher-wonnegau.de\/wordpress\/wp-json\/wp\/v2\/pages\/2\/revisions\/1300"}],"up":[{"embeddable":true,"href":"https:\/\/www.drk-suedlicher-wonnegau.de\/wordpress\/wp-json\/wp\/v2\/pages\/47"}],"wp:attachment":[{"href":"https:\/\/www.drk-suedlicher-wonnegau.de\/wordpress\/wp-json\/wp\/v2\/media?parent=2"}],"curies":[{"name":"wp","href":"https:\/\/api.w.org\/{rel}","templated":true}]}}