{"id":13,"date":"2006-08-24T16:24:50","date_gmt":"2006-08-24T14:24:50","guid":{"rendered":"http:\/\/www.drk-pfeddersheim.de\/wordpress\/?page_id=13"},"modified":"2020-09-06T04:09:23","modified_gmt":"2020-09-06T02:09:23","slug":"kleidersammlung","status":"publish","type":"page","link":"https:\/\/www.drk-suedlicher-wonnegau.de\/wordpress\/kleidersammlung\/","title":{"rendered":"Kleidersammlung"},"content":{"rendered":"<p style=\"text-align: left;\">Der Ortsverein S\u00fcdlicher Wonnegau hat in seinem <a title=\"Einzugsgebiet\" href=\"\/kreiskarte\/KreiskarteIR-klein.html\" target=\"_blank\" rel=\"noopener noreferrer\">Gebiet <\/a>in Worms und in den Verbandsgemeinden Monsheim und Wonnegau Kleidercontainer aufgestellt, die w\u00f6chentlich geleert werden.<\/p>\n<p style=\"text-align: left;\"><strong>Alle von uns betreuten Kleidercontainer im \u00dcberblick:<\/strong><\/p>\n<ul style=\"text-align: left;\">\n<li><a href=\"https:\/\/www.drk-suedlicher-wonnegau.de\/wordpress\/locations\/kleidercontainer-gundheim\/\">Gundheim, Stra\u00dfenende am Feldweg: Sonnenbergstra\u00dfe 10, 67599 Gundheim<\/a><\/li>\n<li><a href=\"https:\/\/www.drk-suedlicher-wonnegau.de\/wordpress\/locations\/moelsheim-sportplatz\/\">M\u00f6lsheim, Sportplatz: Am Heckel 5, 67591 M\u00f6lsheim<\/a><\/li>\n<li><a href=\"https:\/\/www.drk-suedlicher-wonnegau.de\/wordpress\/locations\/einfahrt-bauer-roder\/\">M\u00f6rstadt, Einfahrt Bauer R\u00f6der: Kriegsheimerstra\u00dfe 7, 67591 M\u00f6rstadt<\/a><\/li>\n<li><a href=\"https:\/\/www.drk-suedlicher-wonnegau.de\/wordpress\/locations\/drk-vereinsheim\/\">Pfeddersheim, DRK-Haus: Gabelsbergerstra\u00dfe 37, 67551 Worms-Pfeddersheim<\/a><\/li>\n<li><a href=\"https:\/\/www.drk-suedlicher-wonnegau.de\/wordpress\/locations\/drk-garagen\/\">Pfeddersheim, DRK-Garagen: Uferstra\u00dfe 64, 67551 Worms-Pfeddersheim<\/a><\/li>\n<li><a href=\"https:\/\/www.drk-suedlicher-wonnegau.de\/wordpress\/locations\/bahnhof-pfeddersheim\/\">Pfeddersheim, Bahnhof: Pfiffligheimer Stra\u00dfe 1, 67551 Worms-Pfeddersheim<\/a><\/li>\n<li><a href=\"https:\/\/www.drk-suedlicher-wonnegau.de\/wordpress\/locations\/wachenheim-buergerhaus-parkplatz\/\">Wachenheim, B\u00fcrgerhaus-Parkplatz: Harxheimer Str. 10, 67591 Wachenheim<\/a><\/li>\n<\/ul>\n<p style=\"text-align: left;\"><strong>Was geschieht mit Ihrer Kleiderspende?<\/strong><\/p>\n<p style=\"text-align: left;\">Einige Kleidungsst\u00fccke werden direkt in unserem <a href=\"https:\/\/www.drk-suedlicher-wonnegau.de\/wordpress\/aktive\/kleidertreff\/\">KleiderTREFF<\/a> wieder ausgegeben. Die anderen Kleidungsst\u00fccke werden an Unternehmen verkauft, die unserem Verein daf\u00fcr Geld zahlen. Diese Firmen verwerten die Kleidungsst\u00fccke wirtschaftlich. Je nach aktueller Nachfrage wird ein Teil zu kostbaren Rohstoffen aufgearbeitet, ein anderer Teil wird g\u00fcnstig an Abnehmer wie Secondhand-L\u00e4den verkauft, ein weiterer Teil wird exportiert.<\/p>\n<p style=\"text-align: left;\"><strong>Wozu verwenden wir die Erl\u00f6se aus dem Verkauf der gespendeten Kleidung?<\/strong><\/p>\n<p style=\"text-align: left;\">Der Ortsverein bekommt f\u00fcr ihre Spende einen Betrag, mit dem zun\u00e4chst die Kosten gedeckt werden m\u00fcssen: Aufstellung der Container, Abholung der Sachen, Zwischenlagerung bei uns in Pfeddersheim und in Worms. Dank weitgehend ehrenamtlicher Arbeit verbleibt ein erheblicher \u00dcberschuss, der zur Finanzierung der Vereinsaktivit\u00e4ten verwendet wird: Organisation von Blutspenden, Katastrophenschutz, Material f\u00fcr Sanit\u00e4tsdienste, Breitenausbildung,\u00a0usw. Ein Anteil von 20% wird au\u00dferdem \u00fcber Umlagen unseren h\u00f6heren Verb\u00e4nden zur Verf\u00fcgung gestellt. Die restlichen 80% bleiben vor Ort im Verein.<\/p>\n<p style=\"text-align: left;\">Bei unserer j\u00e4hrlichen Mitgliederversammlung legen wir unsere Mittelverwendung offen &#8211; G\u00e4ste sind herzlich willkommen.<\/p>\n<p style=\"text-align: left;\">Sie k\u00f6nnen sich auch pers\u00f6nlich bei uns informieren! Jeden Dienstag um 19:00 trifft sich die Bereitschaft im <a href=\"[location location=\">Vereinsheim<\/a> in der Gabelsbergerstra\u00dfe 37, 67551 Worms-Pfeddersheim.<\/p>\n<p style=\"text-align: left;\">Sie finden zu diesem Thema mehr beim <a href=\"https:\/\/www.drk.de\/spenden\/spenderservice\/spendentransparenz-spenderservice\/kleidersammlung\/\" target=\"_blank\" rel=\"noopener noreferrer\">DRK-Bundesverband<\/a>.<\/p>\n<p style=\"text-align: left;\"><strong>Warum werden nicht alle Kleider kostenlos an Bed\u00fcrftige abgegeben?<\/strong><\/p>\n<p style=\"text-align: left;\">Das hat mehrere Gr\u00fcnde:<\/p>\n<p style=\"text-align: left;\">Einige der abgegebenen Kleider und Schuhe sind in keinem guten Zustand. Dennoch wollen wir Ihre Spende nicht sinnlos wegwerfen. In jedem Kleidungsst\u00fcck und in jedem Schuh stecken wertvolle Rohstoffe, die noch genutzt werden k\u00f6nnen. Der Erl\u00f6s geht an unseren Verein.<\/p>\n<p style=\"text-align: left;\">Es werden aber auch viele gut erhaltene Sachen gespendet. Allerdings ist der Aufwand f\u00fcr die Sortierung aller Sachen zu gro\u00df f\u00fcr uns Ehrenamtliche. Wir erhalten jedes Jahr viele Tonnen Spenden und w\u00fcrden es nicht schaffen, die Kleider und Schuhe selbst zu sortieren, aufzubewahren und dann gezielt an Bed\u00fcrftige abzugeben. Die Kosten daf\u00fcr w\u00e4ren immens. Jeder Spender m\u00fcsste quasi zus\u00e4tzlich zu den Altkleidern noch einen Geldschein in den Sack stecken, um das zu finanzieren.<\/p>\n<p style=\"text-align: left;\"><strong>Wie unterst\u00fctzt das Rote Kreuz Menschen, die bed\u00fcrftig sind und Kleidung und Schuhe brauchen?<\/strong><\/p>\n<p>Vor Ort unterst\u00fctzen wir Hilfsbed\u00fcrftige in den Kleiderkammern. Dort werden gut erhaltene Kleider und Schuhe angenommen und g\u00fcnstig an Bed\u00fcrftige in der Umgebung abgegeben. Seit 1. Juli 2020 betreibt auch unser Ortsverein eine Ausgabestelle f\u00fcr gebrauchte Kleidung. Der DRK-KleiderTREFF soll dar\u00fcber hinaus Menschen zum Verweilen einladen und gegenseitiges Kennenlernen erm\u00f6glichen. <a href=\"https:\/\/www.drk-suedlicher-wonnegau.de\/wordpress\/aktive\/kleidertreff\/\">Lesen Sie zum KleiderTREFF mehr hier.<\/a><\/p>\n<p style=\"text-align: left;\">Bei Naturkatastrophen, Kriegen und bitterer Armut versorgt das Rote Kreuz weltweit viele Menschen mit Kleidung, Decken, Zelten und Schuhen. Dazu werden in der Regel neue Waren gekauft. Damit k\u00f6nnen wir letztendlich viel mehr Menschen helfen, als wenn wir mit hohen Kosten Ihre Sachen sortieren, lagern und ggf. um die halbe Welt transportieren w\u00fcrden. Die Erl\u00f6se, die wir aus Ihrer Kleiderspende erhalten, kommen \u00fcber Umlagen auch der Auslandskatastrophenhilfe zugute.<\/p>\n<p style=\"text-align: left;\"><strong>Was kann ich tun, wenn es mir wichtig ist, dass meine Kleider und Schuhe direkt an Bed\u00fcrftige gehen?<\/strong><\/p>\n<p>Der Ortsverein betreibt seit dem 1. Juli 2020 einen <a href=\"https:\/\/www.drk-suedlicher-wonnegau.de\/wordpress\/aktive\/kleidertreff\/\">KleiderTREFF<\/a>. Dort k\u00f6nnen Sie noch gut erhaltene Kleidung abgeben. Die ehrenamtlichen Helfer geben die erhaltenen Spenden nach einer Aufbereitung an Bed\u00fcrftige in Worms, im S\u00fcdlichen Wonnegau und der Umgebung ab. Die Menge, die dort angenommen werden kann, ist aber begrenzt.<\/p>\n<p style=\"text-align: left;\"><strong>Neue Container-Standorte<\/strong><\/p>\n<p style=\"text-align: left;\">Sie verf\u00fcgen \u00fcber einen geeigneten Standort und sind bereit ihn uns kostenlos zur Verf\u00fcgung zu stellen? <a href=\"?page_id=47\">Nehmen Sie Kontakt zu uns auf.<\/a><\/p>\n","protected":false},"excerpt":{"rendered":"<p>Der Ortsverein S\u00fcdlicher Wonnegau hat in seinem Gebiet in Worms und in den Verbandsgemeinden Monsheim und Wonnegau Kleidercontainer aufgestellt, die w\u00f6chentlich geleert werden. Alle von uns betreuten Kleidercontainer im \u00dcberblick: Was geschieht mit Ihrer Kleiderspende? Einige Kleidungsst\u00fccke werden direkt in<\/p>\n","protected":false},"author":5,"featured_media":0,"parent":0,"menu_order":50,"comment_status":"closed","ping_status":"open","template":"","meta":{"footnotes":""},"class_list":["post-13","page","type-page","status-publish","hentry"],"_links":{"self":[{"href":"https:\/\/www.drk-suedlicher-wonnegau.de\/wordpress\/wp-json\/wp\/v2\/pages\/13"}],"collection":[{"href":"https:\/\/www.drk-suedlicher-wonnegau.de\/wordpress\/wp-json\/wp\/v2\/pages"}],"about":[{"href":"https:\/\/www.drk-suedlicher-wonnegau.de\/wordpress\/wp-json\/wp\/v2\/types\/page"}],"author":[{"embeddable":true,"href":"https:\/\/www.drk-suedlicher-wonnegau.de\/wordpress\/wp-json\/wp\/v2\/users\/5"}],"replies":[{"embeddable":true,"href":"https:\/\/www.drk-suedlicher-wonnegau.de\/wordpress\/wp-json\/wp\/v2\/comments?post=13"}],"version-history":[{"count":71,"href":"https:\/\/www.drk-suedlicher-wonnegau.de\/wordpress\/wp-json\/wp\/v2\/pages\/13\/revisions"}],"predecessor-version":[{"id":1302,"href":"https:\/\/www.drk-suedlicher-wonnegau.de\/wordpress\/wp-json\/wp\/v2\/pages\/13\/revisions\/1302"}],"wp:attachment":[{"href":"https:\/\/www.drk-suedlicher-wonnegau.de\/wordpress\/wp-json\/wp\/v2\/media?parent=13"}],"curies":[{"name":"wp","href":"https:\/\/api.w.org\/{rel}","templated":true}]}}