{"id":12,"date":"2006-08-24T16:23:55","date_gmt":"2006-08-24T14:23:55","guid":{"rendered":"http:\/\/www.drk-pfeddersheim.de\/wordpress\/?page_id=12"},"modified":"2024-06-25T21:34:25","modified_gmt":"2024-06-25T19:34:25","slug":"kleidertreff","status":"publish","type":"page","link":"https:\/\/www.drk-suedlicher-wonnegau.de\/wordpress\/aktive\/kleidertreff\/","title":{"rendered":"KleiderTREFF"},"content":{"rendered":"<p><strong>DRK-Ortsverein S\u00fcdlicher Wonnegau e.V. verwirklicht soziales und nachhaltiges Projekt<\/strong><\/p>\n<h1><strong>Kleider<span style=\"color: #ff0000;\">TREFF<\/span> \u00f6ffnet seine T\u00fcren f\u00fcr alle<\/strong><\/h1>\n\n\n<figure class=\"wp-block-image size-large is-resized\"><img loading=\"lazy\" decoding=\"async\" width=\"1024\" height=\"683\" src=\"http:\/\/www.drk-suedlicher-wonnegau.de\/wp-content\/uploads\/2020\/07\/fb-website-treff-1024x683.jpg\" alt=\"\" class=\"wp-image-1267\" style=\"width:1218px;height:auto\" srcset=\"https:\/\/www.drk-suedlicher-wonnegau.de\/wp-content\/uploads\/2020\/07\/fb-website-treff-1024x683.jpg 1024w, https:\/\/www.drk-suedlicher-wonnegau.de\/wp-content\/uploads\/2020\/07\/fb-website-treff-300x200.jpg 300w, https:\/\/www.drk-suedlicher-wonnegau.de\/wp-content\/uploads\/2020\/07\/fb-website-treff-768x512.jpg 768w, https:\/\/www.drk-suedlicher-wonnegau.de\/wp-content\/uploads\/2020\/07\/fb-website-treff-1536x1025.jpg 1536w, https:\/\/www.drk-suedlicher-wonnegau.de\/wp-content\/uploads\/2020\/07\/fb-website-treff-2048x1366.jpg 2048w\" sizes=\"(max-width: 1024px) 100vw, 1024px\" \/><figcaption class=\"wp-element-caption\">Paternusstra\u00dfe 26a | Pfeddersheim | Mo. + Mi. 16 &#8211; 19 Uhr<\/figcaption><\/figure>\n\n\n\n<p>Das ausgebaute Dachgescho\u00df in der <a href=\"https:\/\/www.drk-suedlicher-wonnegau.de\/wordpress\/locations\/pfeddersheim-drk-kleidertreff\/\">Paternusstr. 26a<\/a>, mitten in Pfeddersheim, ist ein heller, freundlicher Raum geworden. Das riesige Angebot an guter Secondhand-Kleidung ist \u00fcbersichtlich sortiert.<\/p>\n<p>Ausgegeben werden Kleidung, Taschen, Modeschmuck und Haushaltstextilien gegen nur eine geringe Geb\u00fchr. <\/p>\n\n\n\n<p><strong>Der KleiderTREFF \u00f6ffnet jeden Montag und Mittwoch von 16 bis 19 Uhr.<\/strong><\/p>\n<p>Wir freuen uns \u00fcber jeden Besucher mit Mund-Nasen-Maske im KleiderTREFF. Desinfektionsmittel steht zu Verf\u00fcgung.<\/p>\n<p><a href=\"https:\/\/www.drk-suedlicher-wonnegau.de\/wordpress\/kontakt\/\">Bei Fragen erteilen wir gerne Ausk\u00fcnfte. Klicken Sie hier f\u00fcr Kontaktm\u00f6glichkeiten.<\/a><\/p>\n\n\n\n<figure class=\"wp-block-image aligncenter size-large\"><img loading=\"lazy\" decoding=\"async\" width=\"1024\" height=\"242\" src=\"http:\/\/www.drk-suedlicher-wonnegau.de\/wp-content\/uploads\/2020\/07\/corona-1024x242.jpg\" alt=\"\" class=\"wp-image-1272\" srcset=\"https:\/\/www.drk-suedlicher-wonnegau.de\/wp-content\/uploads\/2020\/07\/corona-1024x242.jpg 1024w, https:\/\/www.drk-suedlicher-wonnegau.de\/wp-content\/uploads\/2020\/07\/corona-300x71.jpg 300w, https:\/\/www.drk-suedlicher-wonnegau.de\/wp-content\/uploads\/2020\/07\/corona-768x181.jpg 768w, https:\/\/www.drk-suedlicher-wonnegau.de\/wp-content\/uploads\/2020\/07\/corona-1536x363.jpg 1536w, https:\/\/www.drk-suedlicher-wonnegau.de\/wp-content\/uploads\/2020\/07\/corona.jpg 1604w\" sizes=\"(max-width: 1024px) 100vw, 1024px\" \/><figcaption class=\"wp-element-caption\">Corona-Ma\u00dfnahmen<\/figcaption><\/figure>\n\n\n\t\t\t<div class=\"em em-location-map-container\" style=\"position:relative; width:100%; height: 500px;\">\r\n\t\t\t\t<div class='em-location-map' id='em-location-map-260471932' style=\"width: 100%; height: 100%;\">\r\n\t\t\t\t\t<div class=\"em-loading-maps\">\r\n\t\t\t\t\t\t<span>Lade Karte ...<\/span>\r\n\t\t\t\t\t\t<svg xmlns=\"http:\/\/www.w3.org\/2000\/svg\" xmlns:xlink=\"http:\/\/www.w3.org\/1999\/xlink\" style=\"margin: auto; background: none; display: block; shape-rendering: auto;\" width=\"200px\" height=\"200px\" viewBox=\"0 0 100 100\" preserveAspectRatio=\"xMidYMid\">\r\n\t\t\t\t\t\t\t<rect x=\"19.5\" y=\"26\" width=\"11\" height=\"48\" fill=\"#85a2b6\">\r\n\t\t\t\t\t\t\t\t<animate attributeName=\"y\" repeatCount=\"indefinite\" dur=\"1s\" calcMode=\"spline\" keyTimes=\"0;0.5;1\" values=\"2;26;26\" keySplines=\"0 0.5 0.5 1;0 0.5 0.5 1\" begin=\"-0.2s\"><\/animate>\r\n\t\t\t\t\t\t\t\t<animate attributeName=\"height\" repeatCount=\"indefinite\" dur=\"1s\" calcMode=\"spline\" keyTimes=\"0;0.5;1\" values=\"96;48;48\" keySplines=\"0 0.5 0.5 1;0 0.5 0.5 1\" begin=\"-0.2s\"><\/animate>\r\n\t\t\t\t\t\t\t<\/rect>\r\n\t\t\t\t\t\t\t<rect x=\"44.5\" y=\"26\" width=\"11\" height=\"48\" fill=\"#bbcedd\">\r\n\t\t\t\t\t\t\t\t<animate attributeName=\"y\" repeatCount=\"indefinite\" dur=\"1s\" calcMode=\"spline\" keyTimes=\"0;0.5;1\" values=\"8;26;26\" keySplines=\"0 0.5 0.5 1;0 0.5 0.5 1\" begin=\"-0.1s\"><\/animate>\r\n\t\t\t\t\t\t\t\t<animate attributeName=\"height\" repeatCount=\"indefinite\" dur=\"1s\" calcMode=\"spline\" keyTimes=\"0;0.5;1\" values=\"84;48;48\" keySplines=\"0 0.5 0.5 1;0 0.5 0.5 1\" begin=\"-0.1s\"><\/animate>\r\n\t\t\t\t\t\t\t<\/rect>\r\n\t\t\t\t\t\t\t<rect x=\"69.5\" y=\"26\" width=\"11\" height=\"48\" fill=\"#dce4eb\">\r\n\t\t\t\t\t\t\t\t<animate attributeName=\"y\" repeatCount=\"indefinite\" dur=\"1s\" calcMode=\"spline\" keyTimes=\"0;0.5;1\" values=\"8;26;26\" keySplines=\"0 0.5 0.5 1;0 0.5 0.5 1\"><\/animate>\r\n\t\t\t\t\t\t\t\t<animate attributeName=\"height\" repeatCount=\"indefinite\" dur=\"1s\" calcMode=\"spline\" keyTimes=\"0;0.5;1\" values=\"84;48;48\" keySplines=\"0 0.5 0.5 1;0 0.5 0.5 1\"><\/animate>\r\n\t\t\t\t\t\t\t<\/rect>\r\n\t\t\t\t\t\t<\/svg>\r\n\t\t\t\t\t<\/div>\r\n\t\t\t\t<\/div>\r\n\t\t\t<\/div>\r\n\t\t\t<div class='em-location-map-info' id='em-location-map-info-260471932' style=\"display:none; visibility:hidden;\">\r\n\t\t\t\t<div class=\"em-map-balloon\" style=\"font-size:12px;\">\r\n\t\t\t\t\t<div class=\"em-map-balloon-content\" ><p><b>Pfeddersheim, DRK-Kleidertreff<\/b><br \/>\r\nPaternusstr. 26a, Worms<\/p><\/div>\r\n\t\t\t\t<\/div>\r\n\t\t\t<\/div>\r\n\t\t\t<div class='em-location-map-coords' id='em-location-map-coords-260471932' style=\"display:none; visibility:hidden;\">\r\n\t\t\t\t<span class=\"lat\">49.63743<\/span>\r\n\t\t\t\t<span class=\"lng\">8.27741<\/span>\r\n\t\t\t<\/div>\r\n\t\t\t\n","protected":false},"excerpt":{"rendered":"<p>DRK-Ortsverein S\u00fcdlicher Wonnegau e.V. verwirklicht soziales und nachhaltiges Projekt KleiderTREFF \u00f6ffnet seine T\u00fcren f\u00fcr alle Das ausgebaute Dachgescho\u00df in der , mitten in Pfeddersheim, ist ein heller, freundlicher Raum geworden. Das riesige Angebot an guter Secondhand-Kleidung ist \u00fcbersichtlich sortiert. Ausgegeben<\/p>\n","protected":false},"author":5,"featured_media":0,"parent":8,"menu_order":5,"comment_status":"closed","ping_status":"closed","template":"","meta":{"footnotes":""},"class_list":["post-12","page","type-page","status-publish","hentry"],"_links":{"self":[{"href":"https:\/\/www.drk-suedlicher-wonnegau.de\/wordpress\/wp-json\/wp\/v2\/pages\/12"}],"collection":[{"href":"https:\/\/www.drk-suedlicher-wonnegau.de\/wordpress\/wp-json\/wp\/v2\/pages"}],"about":[{"href":"https:\/\/www.drk-suedlicher-wonnegau.de\/wordpress\/wp-json\/wp\/v2\/types\/page"}],"author":[{"embeddable":true,"href":"https:\/\/www.drk-suedlicher-wonnegau.de\/wordpress\/wp-json\/wp\/v2\/users\/5"}],"replies":[{"embeddable":true,"href":"https:\/\/www.drk-suedlicher-wonnegau.de\/wordpress\/wp-json\/wp\/v2\/comments?post=12"}],"version-history":[{"count":26,"href":"https:\/\/www.drk-suedlicher-wonnegau.de\/wordpress\/wp-json\/wp\/v2\/pages\/12\/revisions"}],"predecessor-version":[{"id":1400,"href":"https:\/\/www.drk-suedlicher-wonnegau.de\/wordpress\/wp-json\/wp\/v2\/pages\/12\/revisions\/1400"}],"up":[{"embeddable":true,"href":"https:\/\/www.drk-suedlicher-wonnegau.de\/wordpress\/wp-json\/wp\/v2\/pages\/8"}],"wp:attachment":[{"href":"https:\/\/www.drk-suedlicher-wonnegau.de\/wordpress\/wp-json\/wp\/v2\/media?parent=12"}],"curies":[{"name":"wp","href":"https:\/\/api.w.org\/{rel}","templated":true}]}}