{"id":11,"date":"2006-08-24T15:56:21","date_gmt":"2006-08-24T13:56:21","guid":{"rendered":"http:\/\/www.drk-pfeddersheim.de\/wordpress\/?page_id=11"},"modified":"2018-11-09T23:55:26","modified_gmt":"2018-11-09T21:55:26","slug":"blutspende","status":"publish","type":"page","link":"https:\/\/www.drk-suedlicher-wonnegau.de\/wordpress\/blutspende\/","title":{"rendered":"Blutspende"},"content":{"rendered":"<p>Das DRK S\u00fcdlicher Wonnegau <strong>l\u00e4dt zur Blutspende ein<\/strong>. Die Blutspendetermine finden in der Regel in der Paternusschule in Worms-Pfeddersheim statt.<\/p>\n<p><strong>Warum<\/strong> Blutspende beim DRK S\u00fcdlicher Wonnegau?<\/p>\n<ul>\n<li>Weit \u00fcberdurchschnittliches Buffet von unserer ehrenamtlichen K\u00fcchenmannschaft<\/li>\n<li>Echte Blutspende f\u00fcr das Gemeinwohl, kein kommerzielles Unternehmen<\/li>\n<li>\u00d6rtliche Ansprechpartner und besondere Betreuung von Erstspendern<\/li>\n<\/ul>\n<p><a href=\"https:\/\/www.drk-suedlicher-wonnegau.de\/wordpress\/blutspende\/events\/\"><strong>Hier finden Sie die aktuellen Termine!<\/strong><\/a><\/p>\n<p><strong>Was m\u00fcssen Sie beachten\/mitbringen?<\/strong><\/p>\n<p>Bitte denken Sie daran, dass Sie gerade an dem Tag der Spende gen\u00fcgend Fl\u00fcssigkeit aufnehmen. Au\u00dferdem d\u00fcrfen Sie keine Alkoholischen Getr\u00e4nke zu sich genommen haben. Bringen Sie bitte Ihren Personalausweis mit. Folgespender bitten wir, den Blutspenderpass nicht zu vergessen. Sollten Sie diesen einmal nicht finden, bringen Sie ein Dokument zum Unterschriftenvergleich (z.B. Ausweis) mit.<\/p>\n<p><a href=\"http:\/\/www.drk-suedlicher-wonnegau.de\/wp-content\/uploads\/2018\/11\/vorder-rueckseite-druck-a4.jpg\"><img loading=\"lazy\" decoding=\"async\" class=\"wp-image-1174 alignnone\" src=\"http:\/\/www.drk-suedlicher-wonnegau.de\/wp-content\/uploads\/2018\/11\/vorder-rueckseite-druck-a4.jpg\" alt=\"\" width=\"205\" height=\"111\" srcset=\"https:\/\/www.drk-suedlicher-wonnegau.de\/wp-content\/uploads\/2018\/11\/vorder-rueckseite-druck-a4.jpg 444w, https:\/\/www.drk-suedlicher-wonnegau.de\/wp-content\/uploads\/2018\/11\/vorder-rueckseite-druck-a4-300x163.jpg 300w\" sizes=\"(max-width: 205px) 100vw, 205px\" \/><\/a><\/p>\n<p>Das DRK S\u00fcdlicher Wonnegau freut sich, wenn viele die Spendetermine wahrnehmen. Sollten Sie noch Zweifel haben, fragen Sie Ihren Arzt oder informieren Sie sich gerne auch vor Ort. Unsere Helferinnen und Helfer werden Sie w\u00e4hrend des Termins begleiten und f\u00fcr Ihr leibliches Wohl sorgen.<br \/>\nKommen Sie, helfen Sie durch Ihre Blutspende mit, Leben zu retten.<\/p>\n<p>Hier noch einige Fakten:<\/p>\n<ul>\n<li>Pro Blutspendetermin in Pfeddersheim erhalten wir ca. 100 Spenden.<\/li>\n<li>Der Blutspendedienst West versorgt t\u00e4glich den Blutbedarf von Rheinland-Pfalz und dem Saarland.<\/li>\n<li>Hierf\u00fcr werden ca. 1000 Blutkonserven pro Tag ben\u00f6tigt.<\/li>\n<li>Helfen SIE uns dabei den Bedarf der Blutkonserven zu sichern. Wenn Sie bei uns spenden, k\u00f6nnen Sie sicher sein, dass Ihr Blut das Leben eines Menschen in Ihrer Umgebung rettet!<\/li>\n<\/ul>\n<div id='gallery-1' class='gallery galleryid-11 gallery-columns-3 gallery-size-medium'><figure class='gallery-item'>\n\t\t\t<div class='gallery-icon landscape'>\n\t\t\t\t<a href='https:\/\/www.drk-suedlicher-wonnegau.de\/wordpress\/blutspende\/sunp0061\/'><img loading=\"lazy\" decoding=\"async\" width=\"300\" height=\"225\" src=\"https:\/\/www.drk-suedlicher-wonnegau.de\/wp-content\/uploads\/2006\/08\/SUNP0061-300x225.jpg\" class=\"attachment-medium size-medium\" alt=\"\" srcset=\"https:\/\/www.drk-suedlicher-wonnegau.de\/wp-content\/uploads\/2006\/08\/SUNP0061-300x225.jpg 300w, https:\/\/www.drk-suedlicher-wonnegau.de\/wp-content\/uploads\/2006\/08\/SUNP0061-1024x768.jpg 1024w, https:\/\/www.drk-suedlicher-wonnegau.de\/wp-content\/uploads\/2006\/08\/SUNP0061.jpg 1600w\" sizes=\"(max-width: 300px) 100vw, 300px\" \/><\/a>\n\t\t\t<\/div><\/figure><figure class='gallery-item'>\n\t\t\t<div class='gallery-icon landscape'>\n\t\t\t\t<a href='https:\/\/www.drk-suedlicher-wonnegau.de\/wordpress\/blutspende\/100_3380\/'><img loading=\"lazy\" decoding=\"async\" width=\"300\" height=\"199\" src=\"https:\/\/www.drk-suedlicher-wonnegau.de\/wp-content\/uploads\/2006\/08\/100_3380-300x199.jpg\" class=\"attachment-medium size-medium\" alt=\"\" srcset=\"https:\/\/www.drk-suedlicher-wonnegau.de\/wp-content\/uploads\/2006\/08\/100_3380-300x199.jpg 300w, https:\/\/www.drk-suedlicher-wonnegau.de\/wp-content\/uploads\/2006\/08\/100_3380-1024x682.jpg 1024w\" sizes=\"(max-width: 300px) 100vw, 300px\" \/><\/a>\n\t\t\t<\/div><\/figure><figure class='gallery-item'>\n\t\t\t<div class='gallery-icon landscape'>\n\t\t\t\t<a href='https:\/\/www.drk-suedlicher-wonnegau.de\/wordpress\/blutspende\/dsc00011-2\/'><img loading=\"lazy\" decoding=\"async\" width=\"300\" height=\"240\" src=\"https:\/\/www.drk-suedlicher-wonnegau.de\/wp-content\/uploads\/2006\/08\/DSC000111-300x240.jpg\" class=\"attachment-medium size-medium\" alt=\"\" srcset=\"https:\/\/www.drk-suedlicher-wonnegau.de\/wp-content\/uploads\/2006\/08\/DSC000111-300x240.jpg 300w, https:\/\/www.drk-suedlicher-wonnegau.de\/wp-content\/uploads\/2006\/08\/DSC000111-1024x819.jpg 1024w, https:\/\/www.drk-suedlicher-wonnegau.de\/wp-content\/uploads\/2006\/08\/DSC000111.jpg 1280w\" sizes=\"(max-width: 300px) 100vw, 300px\" \/><\/a>\n\t\t\t<\/div><\/figure><figure class='gallery-item'>\n\t\t\t<div class='gallery-icon landscape'>\n\t\t\t\t<a href='https:\/\/www.drk-suedlicher-wonnegau.de\/wordpress\/blutspende\/dsc01161\/'><img loading=\"lazy\" decoding=\"async\" width=\"300\" height=\"225\" src=\"https:\/\/www.drk-suedlicher-wonnegau.de\/wp-content\/uploads\/2006\/08\/DSC01161-300x225.jpg\" class=\"attachment-medium size-medium\" alt=\"\" srcset=\"https:\/\/www.drk-suedlicher-wonnegau.de\/wp-content\/uploads\/2006\/08\/DSC01161-300x225.jpg 300w, https:\/\/www.drk-suedlicher-wonnegau.de\/wp-content\/uploads\/2006\/08\/DSC01161-1024x768.jpg 1024w, https:\/\/www.drk-suedlicher-wonnegau.de\/wp-content\/uploads\/2006\/08\/DSC01161.jpg 2048w\" sizes=\"(max-width: 300px) 100vw, 300px\" \/><\/a>\n\t\t\t<\/div><\/figure><figure class='gallery-item'>\n\t\t\t<div class='gallery-icon portrait'>\n\t\t\t\t<a href='https:\/\/www.drk-suedlicher-wonnegau.de\/wordpress\/blutspende\/100_3388\/'><img loading=\"lazy\" decoding=\"async\" width=\"199\" height=\"300\" src=\"https:\/\/www.drk-suedlicher-wonnegau.de\/wp-content\/uploads\/2006\/08\/100_3388-199x300.jpg\" class=\"attachment-medium size-medium\" alt=\"\" srcset=\"https:\/\/www.drk-suedlicher-wonnegau.de\/wp-content\/uploads\/2006\/08\/100_3388-199x300.jpg 199w, https:\/\/www.drk-suedlicher-wonnegau.de\/wp-content\/uploads\/2006\/08\/100_3388-682x1024.jpg 682w, https:\/\/www.drk-suedlicher-wonnegau.de\/wp-content\/uploads\/2006\/08\/100_3388.jpg 1706w\" sizes=\"(max-width: 199px) 100vw, 199px\" \/><\/a>\n\t\t\t<\/div><\/figure>\n\t\t<\/div>\n\n","protected":false},"excerpt":{"rendered":"<p>Das DRK S\u00fcdlicher Wonnegau l\u00e4dt zur Blutspende ein. Die Blutspendetermine finden in der Regel in der Paternusschule in Worms-Pfeddersheim statt. Warum Blutspende beim DRK S\u00fcdlicher Wonnegau? Weit \u00fcberdurchschnittliches Buffet von unserer ehrenamtlichen K\u00fcchenmannschaft Echte Blutspende f\u00fcr das Gemeinwohl, kein kommerzielles<\/p>\n","protected":false},"author":5,"featured_media":0,"parent":0,"menu_order":30,"comment_status":"closed","ping_status":"open","template":"","meta":{"footnotes":""},"class_list":["post-11","page","type-page","status-publish","hentry"],"_links":{"self":[{"href":"https:\/\/www.drk-suedlicher-wonnegau.de\/wordpress\/wp-json\/wp\/v2\/pages\/11"}],"collection":[{"href":"https:\/\/www.drk-suedlicher-wonnegau.de\/wordpress\/wp-json\/wp\/v2\/pages"}],"about":[{"href":"https:\/\/www.drk-suedlicher-wonnegau.de\/wordpress\/wp-json\/wp\/v2\/types\/page"}],"author":[{"embeddable":true,"href":"https:\/\/www.drk-suedlicher-wonnegau.de\/wordpress\/wp-json\/wp\/v2\/users\/5"}],"replies":[{"embeddable":true,"href":"https:\/\/www.drk-suedlicher-wonnegau.de\/wordpress\/wp-json\/wp\/v2\/comments?post=11"}],"version-history":[{"count":18,"href":"https:\/\/www.drk-suedlicher-wonnegau.de\/wordpress\/wp-json\/wp\/v2\/pages\/11\/revisions"}],"predecessor-version":[{"id":1176,"href":"https:\/\/www.drk-suedlicher-wonnegau.de\/wordpress\/wp-json\/wp\/v2\/pages\/11\/revisions\/1176"}],"wp:attachment":[{"href":"https:\/\/www.drk-suedlicher-wonnegau.de\/wordpress\/wp-json\/wp\/v2\/media?parent=11"}],"curies":[{"name":"wp","href":"https:\/\/api.w.org\/{rel}","templated":true}]}}