{"id":1067,"date":"2017-09-10T01:08:33","date_gmt":"2017-09-09T23:08:33","guid":{"rendered":"http:\/\/www.drk-suedlicher-wonnegau.de\/wordpress\/?page_id=1067"},"modified":"2020-11-15T23:52:20","modified_gmt":"2020-11-15T21:52:20","slug":"mitgliedsantrag","status":"publish","type":"page","link":"https:\/\/www.drk-suedlicher-wonnegau.de\/wordpress\/fordermitglied-werden\/mitgliedsantrag\/","title":{"rendered":"Mitgliedsantrag online"},"content":{"rendered":"<p>Damit Sie Mitglied werden k\u00f6nnen, ben\u00f6tigen wir die folgenden Angaben von Ihnen. Nach Absendung erhalten Sie von uns eine Eingangsbest\u00e4tigung per E-Mail. Der Ortsverein pr\u00fcft dann die Angaben. Nach Pr\u00fcfung erhalten Sie dann schriftlich alle Unterlagen zu Ihrer Mitgliedschaft. Die K\u00fcndigung ist ohne Angaben von Gr\u00fcnden m\u00f6glich. <a href=\"https:\/\/www.drk-suedlicher-wonnegau.de\/wordpress\/fordermitglied-werden\/\" target=\"_blank\" rel=\"noopener noreferrer\">Weitere Informationen zur Mitgliedschaft finden Sie hier<\/a>. Bei Fragen k\u00f6nnen Sie den <a href=\"https:\/\/www.drk-suedlicher-wonnegau.de\/wordpress\/kontakt\/\" target=\"_blank\" rel=\"noopener noreferrer\">Ortsverein jederzeit gerne kontaktieren<\/a>.<\/p>\n\n<div class=\"wpcf7 no-js\" id=\"wpcf7-f1197-o1\" lang=\"de-DE\" dir=\"ltr\">\n<div class=\"screen-reader-response\"><p role=\"status\" aria-live=\"polite\" aria-atomic=\"true\"><\/p> <ul><\/ul><\/div>\n<form action=\"\/wordpress\/wp-json\/wp\/v2\/pages\/1067#wpcf7-f1197-o1\" method=\"post\" class=\"wpcf7-form init\" aria-label=\"Kontaktformular\" novalidate=\"novalidate\" data-status=\"init\">\n<div style=\"display: none;\">\n<input type=\"hidden\" name=\"_wpcf7\" value=\"1197\" \/>\n<input type=\"hidden\" name=\"_wpcf7_version\" value=\"5.7.7\" \/>\n<input type=\"hidden\" name=\"_wpcf7_locale\" value=\"de_DE\" \/>\n<input type=\"hidden\" name=\"_wpcf7_unit_tag\" value=\"wpcf7-f1197-o1\" \/>\n<input type=\"hidden\" name=\"_wpcf7_container_post\" value=\"0\" \/>\n<input type=\"hidden\" name=\"_wpcf7_posted_data_hash\" value=\"\" \/>\n<input type=\"hidden\" name=\"_wpcf7_recaptcha_response\" value=\"\" \/>\n<\/div>\n<p><label> Anrede<br \/>\n<span class=\"wpcf7-form-control-wrap\" data-name=\"your-anrede\"><select class=\"wpcf7-form-control wpcf7-select wpcf7-validates-as-required\" aria-required=\"true\" aria-invalid=\"false\" name=\"your-anrede\"><option value=\"Frau\">Frau<\/option><option value=\"Herr\">Herr<\/option><\/select><\/span> <\/label>\n<\/p>\n<p><label> Name<br \/>\n<span class=\"wpcf7-form-control-wrap\" data-name=\"your-name\"><input size=\"40\" class=\"wpcf7-form-control wpcf7-text wpcf7-validates-as-required\" aria-required=\"true\" aria-invalid=\"false\" value=\"\" type=\"text\" name=\"your-name\" \/><\/span> <\/label>\n<\/p>\n<p><label> Vorname<br \/>\n<span class=\"wpcf7-form-control-wrap\" data-name=\"your-vorname\"><input size=\"40\" class=\"wpcf7-form-control wpcf7-text wpcf7-validates-as-required\" aria-required=\"true\" aria-invalid=\"false\" value=\"\" type=\"text\" name=\"your-vorname\" \/><\/span> <\/label>\n<\/p>\n<p><label> Stra\u00dfe und Hausnummer<br \/>\n<span class=\"wpcf7-form-control-wrap\" data-name=\"your-strasse\"><input size=\"40\" class=\"wpcf7-form-control wpcf7-text wpcf7-validates-as-required\" aria-required=\"true\" aria-invalid=\"false\" value=\"\" type=\"text\" name=\"your-strasse\" \/><\/span> <\/label>\n<\/p>\n<p><label> PLZ<br \/>\n<span class=\"wpcf7-form-control-wrap\" data-name=\"your-plz\"><input size=\"40\" class=\"wpcf7-form-control wpcf7-text wpcf7-validates-as-required\" aria-required=\"true\" aria-invalid=\"false\" value=\"\" type=\"text\" name=\"your-plz\" \/><\/span> <\/label>\n<\/p>\n<p><label> Ort<br \/>\n<span class=\"wpcf7-form-control-wrap\" data-name=\"your-ort\"><input size=\"40\" class=\"wpcf7-form-control wpcf7-text wpcf7-validates-as-required\" aria-required=\"true\" aria-invalid=\"false\" value=\"\" type=\"text\" name=\"your-ort\" \/><\/span> <\/label>\n<\/p>\n<p><label> Geburtsdatum<br \/>\n<span class=\"wpcf7-form-control-wrap\" data-name=\"your-gebdat\"><input class=\"wpcf7-form-control wpcf7-date wpcf7-validates-as-required wpcf7-validates-as-date\" aria-required=\"true\" aria-invalid=\"false\" value=\"\" type=\"date\" name=\"your-gebdat\" \/><\/span> <\/label>\n<\/p>\n<p><label> E-Mail-Adresse<br \/>\n<span class=\"wpcf7-form-control-wrap\" data-name=\"your-email\"><input size=\"40\" class=\"wpcf7-form-control wpcf7-text wpcf7-email wpcf7-validates-as-required wpcf7-validates-as-email\" aria-required=\"true\" aria-invalid=\"false\" value=\"\" type=\"email\" name=\"your-email\" \/><\/span> <\/label>\n<\/p>\n<p><label> Monatsbeitrag (mindestens 2,- Euro)<br \/>\n<span class=\"wpcf7-form-control-wrap\" data-name=\"your-beitrag\"><input size=\"40\" class=\"wpcf7-form-control wpcf7-text wpcf7-validates-as-required\" aria-required=\"true\" aria-invalid=\"false\" value=\"\" type=\"text\" name=\"your-beitrag\" \/><\/span><\/label>\n<\/p>\n<p><label> Zahlweise<br \/>\n<span class=\"wpcf7-form-control-wrap\" data-name=\"your-zahlweise\"><select class=\"wpcf7-form-control wpcf7-select wpcf7-validates-as-required\" aria-required=\"true\" aria-invalid=\"false\" name=\"your-zahlweise\"><option value=\"halbj\u00e4hrlich\">halbj\u00e4hrlich<\/option><option value=\"viertelj\u00e4hrlich\">viertelj\u00e4hrlich<\/option><\/select><\/span> <\/label>\n<\/p>\n<p><span class=\"wpcf7-form-control-wrap\" data-name=\"checkbox-lastschrift\"><span class=\"wpcf7-form-control wpcf7-checkbox\"><span class=\"wpcf7-list-item first last\"><input type=\"checkbox\" name=\"checkbox-lastschrift[]\" value=\"Zustimmung zum SEPA-Lastschrift-Verfahren\" \/><span class=\"wpcf7-list-item-label\">Zustimmung zum SEPA-Lastschrift-Verfahren<\/span><\/span><\/span><\/span>\n<\/p>\n<p><label> Kontonummer oder IBAN<br \/>\n<span class=\"wpcf7-form-control-wrap\" data-name=\"your-konto\"><input size=\"40\" class=\"wpcf7-form-control wpcf7-text wpcf7-validates-as-required\" aria-required=\"true\" aria-invalid=\"false\" value=\"\" type=\"text\" name=\"your-konto\" \/><\/span><\/label>\n<\/p>\n<p><label> BLZ oder BIC<br \/>\n<span class=\"wpcf7-form-control-wrap\" data-name=\"your-bank\"><input size=\"40\" class=\"wpcf7-form-control wpcf7-text wpcf7-validates-as-required\" aria-required=\"true\" aria-invalid=\"false\" value=\"\" type=\"text\" name=\"your-bank\" \/><\/span><\/label>\n<\/p>\n<p><label> Name des Kontoinhabers<br \/>\n<span class=\"wpcf7-form-control-wrap\" data-name=\"your-inhaber\"><input size=\"40\" class=\"wpcf7-form-control wpcf7-text wpcf7-validates-as-required\" aria-required=\"true\" aria-invalid=\"false\" value=\"\" type=\"text\" name=\"your-inhaber\" \/><\/span><\/label>\n<\/p>\n<p><label> Sonstige Nachricht an den Ortsverein<br \/>\n<span class=\"wpcf7-form-control-wrap\" data-name=\"your-message\"><textarea cols=\"50\" rows=\"3\" class=\"wpcf7-form-control wpcf7-textarea\" aria-invalid=\"false\" name=\"your-message\"><\/textarea><\/span> <\/label>\n<\/p>\n\n<p><input class=\"wpcf7-form-control has-spinner wpcf7-submit\" type=\"submit\" value=\"Antrag abschicken\" \/>\n<\/p><p style=\"display: none !important;\" class=\"akismet-fields-container\" data-prefix=\"_wpcf7_ak_\"><label>&#916;<textarea name=\"_wpcf7_ak_hp_textarea\" cols=\"45\" rows=\"8\" maxlength=\"100\"><\/textarea><\/label><input type=\"hidden\" id=\"ak_js_1\" name=\"_wpcf7_ak_js\" value=\"79\"\/><script>document.getElementById( \"ak_js_1\" ).setAttribute( \"value\", ( new Date() ).getTime() );<\/script><\/p><div class=\"wpcf7-response-output\" aria-hidden=\"true\"><\/div>\n<\/form>\n<\/div>\n\n<p>Datenschutzhinweis: Vorstehende Daten werden nur im Rahmen der Erforderlichkeit von Abrechnung und Betreuung Ihrer<br \/>\nMitgliedschaft vom DRK-Ortsverein S\u00fcdlicher Wonnegau und dessen Vertragspartnern erhoben und elektronisch<br \/>\nweiterverarbeitet und gespeichert. Eine Weitergabe an Dritte erfolgt nicht.<\/p>\n","protected":false},"excerpt":{"rendered":"<p>Damit Sie Mitglied werden k\u00f6nnen, ben\u00f6tigen wir die folgenden Angaben von Ihnen. Nach Absendung erhalten Sie von uns eine Eingangsbest\u00e4tigung per E-Mail. Der Ortsverein pr\u00fcft dann die Angaben. Nach Pr\u00fcfung erhalten Sie dann schriftlich alle Unterlagen zu Ihrer Mitgliedschaft. Die<\/p>\n","protected":false},"author":5,"featured_media":0,"parent":204,"menu_order":0,"comment_status":"closed","ping_status":"closed","template":"","meta":{"footnotes":""},"class_list":["post-1067","page","type-page","status-publish","hentry"],"_links":{"self":[{"href":"https:\/\/www.drk-suedlicher-wonnegau.de\/wordpress\/wp-json\/wp\/v2\/pages\/1067"}],"collection":[{"href":"https:\/\/www.drk-suedlicher-wonnegau.de\/wordpress\/wp-json\/wp\/v2\/pages"}],"about":[{"href":"https:\/\/www.drk-suedlicher-wonnegau.de\/wordpress\/wp-json\/wp\/v2\/types\/page"}],"author":[{"embeddable":true,"href":"https:\/\/www.drk-suedlicher-wonnegau.de\/wordpress\/wp-json\/wp\/v2\/users\/5"}],"replies":[{"embeddable":true,"href":"https:\/\/www.drk-suedlicher-wonnegau.de\/wordpress\/wp-json\/wp\/v2\/comments?post=1067"}],"version-history":[{"count":8,"href":"https:\/\/www.drk-suedlicher-wonnegau.de\/wordpress\/wp-json\/wp\/v2\/pages\/1067\/revisions"}],"predecessor-version":[{"id":1360,"href":"https:\/\/www.drk-suedlicher-wonnegau.de\/wordpress\/wp-json\/wp\/v2\/pages\/1067\/revisions\/1360"}],"up":[{"embeddable":true,"href":"https:\/\/www.drk-suedlicher-wonnegau.de\/wordpress\/wp-json\/wp\/v2\/pages\/204"}],"wp:attachment":[{"href":"https:\/\/www.drk-suedlicher-wonnegau.de\/wordpress\/wp-json\/wp\/v2\/media?parent=1067"}],"curies":[{"name":"wp","href":"https:\/\/api.w.org\/{rel}","templated":true}]}}